{"id":4935,"date":"2024-01-10T12:38:20","date_gmt":"2024-01-10T11:38:20","guid":{"rendered":"https:\/\/sosa.sk\/?page_id=4935"},"modified":"2024-12-19T16:33:27","modified_gmt":"2024-12-19T15:33:27","slug":"popdporte-nas","status":"publish","type":"page","link":"https:\/\/sosa.sk\/?page_id=4935","title":{"rendered":"Podporte n\u00e1s"},"content":{"rendered":"\t\t<div data-elementor-type=\"wp-page\" data-elementor-id=\"4935\" class=\"elementor elementor-4935\">\n\t\t\t\t<div class=\"elementor-element elementor-element-8bcd118 e-flex e-con-boxed e-con e-parent\" data-id=\"8bcd118\" data-element_type=\"container\">\n\t\t\t\t\t<div class=\"e-con-inner\">\n\t\t\t\t\t<\/div>\n\t\t\t\t<\/div>\n\t\t<div class=\"elementor-element elementor-element-933eb2a e-flex e-con-boxed e-con e-parent\" data-id=\"933eb2a\" data-element_type=\"container\">\n\t\t\t\t\t<div class=\"e-con-inner\">\n\t\t\t\t<div class=\"elementor-element elementor-element-32aa102 elementor-widget elementor-widget-accordion\" data-id=\"32aa102\" data-element_type=\"widget\" data-widget_type=\"accordion.default\">\n\t\t\t\t<div class=\"elementor-widget-container\">\n\t\t\t\t\t<div class=\"elementor-accordion\">\n\t\t\t\t\t\t\t<div class=\"elementor-accordion-item\">\n\t\t\t\t\t<div id=\"elementor-tab-title-5311\" class=\"elementor-tab-title\" data-tab=\"1\" role=\"button\" aria-controls=\"elementor-tab-content-5311\" aria-expanded=\"false\">\n\t\t\t\t\t\t\t\t\t\t\t\t\t<span class=\"elementor-accordion-icon elementor-accordion-icon-left\" aria-hidden=\"true\">\n\t\t\t\t\t\t\t\t\t\t\t\t\t\t\t<span class=\"elementor-accordion-icon-closed\"><svg class=\"e-font-icon-svg e-fas-plus\" viewBox=\"0 0 448 512\" xmlns=\"http:\/\/www.w3.org\/2000\/svg\"><path d=\"M416 208H272V64c0-17.67-14.33-32-32-32h-32c-17.67 0-32 14.33-32 32v144H32c-17.67 0-32 14.33-32 32v32c0 17.67 14.33 32 32 32h144v144c0 17.67 14.33 32 32 32h32c17.67 0 32-14.33 32-32V304h144c17.67 0 32-14.33 32-32v-32c0-17.67-14.33-32-32-32z\"><\/path><\/svg><\/span>\n\t\t\t\t\t\t\t\t<span class=\"elementor-accordion-icon-opened\"><svg class=\"e-font-icon-svg e-fas-minus\" viewBox=\"0 0 448 512\" xmlns=\"http:\/\/www.w3.org\/2000\/svg\"><path d=\"M416 208H32c-17.67 0-32 14.33-32 32v32c0 17.67 14.33 32 32 32h384c17.67 0 32-14.33 32-32v-32c0-17.67-14.33-32-32-32z\"><\/path><\/svg><\/span>\n\t\t\t\t\t\t\t\t\t\t\t\t\t\t<\/span>\n\t\t\t\t\t\t\t\t\t\t\t\t<a class=\"elementor-accordion-title\" tabindex=\"0\">Podporte n\u00e1s nefinan\u010dne<\/a>\n\t\t\t\t\t<\/div>\n\t\t\t\t\t<div id=\"elementor-tab-content-5311\" class=\"elementor-tab-content elementor-clearfix\" data-tab=\"1\" role=\"region\" aria-labelledby=\"elementor-tab-title-5311\"><p><span>Vyr\u00e1bate let\u00e1ky \u010di in\u00e9 propaga\u010dn\u00e9 materi\u00e1ly? Rob\u00edte grafick\u00e9 n\u00e1vrhy?<br \/>Radi vyu\u017eijeme va\u0161e slu\u017eby a uvedieme v\u00e1s medzi partnerov a podporovate\u013eov organiz\u00e1cie.<\/span><\/p><\/div>\n\t\t\t\t<\/div>\n\t\t\t\t\t\t\t<div class=\"elementor-accordion-item\">\n\t\t\t\t\t<div id=\"elementor-tab-title-5312\" class=\"elementor-tab-title\" data-tab=\"2\" role=\"button\" aria-controls=\"elementor-tab-content-5312\" aria-expanded=\"false\">\n\t\t\t\t\t\t\t\t\t\t\t\t\t<span class=\"elementor-accordion-icon elementor-accordion-icon-left\" aria-hidden=\"true\">\n\t\t\t\t\t\t\t\t\t\t\t\t\t\t\t<span class=\"elementor-accordion-icon-closed\"><svg class=\"e-font-icon-svg e-fas-plus\" viewBox=\"0 0 448 512\" xmlns=\"http:\/\/www.w3.org\/2000\/svg\"><path d=\"M416 208H272V64c0-17.67-14.33-32-32-32h-32c-17.67 0-32 14.33-32 32v144H32c-17.67 0-32 14.33-32 32v32c0 17.67 14.33 32 32 32h144v144c0 17.67 14.33 32 32 32h32c17.67 0 32-14.33 32-32V304h144c17.67 0 32-14.33 32-32v-32c0-17.67-14.33-32-32-32z\"><\/path><\/svg><\/span>\n\t\t\t\t\t\t\t\t<span class=\"elementor-accordion-icon-opened\"><svg class=\"e-font-icon-svg e-fas-minus\" viewBox=\"0 0 448 512\" xmlns=\"http:\/\/www.w3.org\/2000\/svg\"><path d=\"M416 208H32c-17.67 0-32 14.33-32 32v32c0 17.67 14.33 32 32 32h384c17.67 0 32-14.33 32-32v-32c0-17.67-14.33-32-32-32z\"><\/path><\/svg><\/span>\n\t\t\t\t\t\t\t\t\t\t\t\t\t\t<\/span>\n\t\t\t\t\t\t\t\t\t\t\t\t<a class=\"elementor-accordion-title\" tabindex=\"0\">Podporte n\u00e1s finan\u010dne<\/a>\n\t\t\t\t\t<\/div>\n\t\t\t\t\t<div id=\"elementor-tab-content-5312\" class=\"elementor-tab-content elementor-clearfix\" data-tab=\"2\" role=\"region\" aria-labelledby=\"elementor-tab-title-5312\"><p><span>Va\u0161e financie bud\u00fa pou\u017eit\u00e9 na propag\u00e1ciu kozmonautiky na Slovensku, vzdel\u00e1vanie a na\u0161e technologick\u00e9 projekty. Prispie\u0165 m\u00f4\u017eete formou sponzorsk\u00e9ho daru, alebo prostredn\u00edctvom pouk\u00e1zania 2% z podielu zaplatenej dane. Pre viac inform\u00e1ci\u00ed n\u00e1s nev\u00e1hajte kontaktova\u0165!<\/span><\/p><\/div>\n\t\t\t\t<\/div>\n\t\t\t\t\t\t\t<div class=\"elementor-accordion-item\">\n\t\t\t\t\t<div id=\"elementor-tab-title-5313\" class=\"elementor-tab-title\" data-tab=\"3\" role=\"button\" aria-controls=\"elementor-tab-content-5313\" aria-expanded=\"false\">\n\t\t\t\t\t\t\t\t\t\t\t\t\t<span class=\"elementor-accordion-icon elementor-accordion-icon-left\" aria-hidden=\"true\">\n\t\t\t\t\t\t\t\t\t\t\t\t\t\t\t<span class=\"elementor-accordion-icon-closed\"><svg class=\"e-font-icon-svg e-fas-plus\" viewBox=\"0 0 448 512\" xmlns=\"http:\/\/www.w3.org\/2000\/svg\"><path d=\"M416 208H272V64c0-17.67-14.33-32-32-32h-32c-17.67 0-32 14.33-32 32v144H32c-17.67 0-32 14.33-32 32v32c0 17.67 14.33 32 32 32h144v144c0 17.67 14.33 32 32 32h32c17.67 0 32-14.33 32-32V304h144c17.67 0 32-14.33 32-32v-32c0-17.67-14.33-32-32-32z\"><\/path><\/svg><\/span>\n\t\t\t\t\t\t\t\t<span class=\"elementor-accordion-icon-opened\"><svg class=\"e-font-icon-svg e-fas-minus\" viewBox=\"0 0 448 512\" xmlns=\"http:\/\/www.w3.org\/2000\/svg\"><path d=\"M416 208H32c-17.67 0-32 14.33-32 32v32c0 17.67 14.33 32 32 32h384c17.67 0 32-14.33 32-32v-32c0-17.67-14.33-32-32-32z\"><\/path><\/svg><\/span>\n\t\t\t\t\t\t\t\t\t\t\t\t\t\t<\/span>\n\t\t\t\t\t\t\t\t\t\t\t\t<a class=\"elementor-accordion-title\" tabindex=\"0\">Sta\u0148te sa na\u0161\u00edm podporovate\u013eom na Patreone<\/a>\n\t\t\t\t\t<\/div>\n\t\t\t\t\t<div id=\"elementor-tab-content-5313\" class=\"elementor-tab-content elementor-clearfix\" data-tab=\"3\" role=\"region\" aria-labelledby=\"elementor-tab-title-5313\"><p>Podporte na\u0161e aktivity prostredn\u00edctvom \u010dlenstva na platforme<a href=\"https:\/\/www.patreon.com\/slovakspace\" target=\"_blank\" rel=\"noopener\"> Patreon<\/a>.<\/p><\/div>\n\t\t\t\t<\/div>\n\t\t\t\t\t\t\t\t<\/div>\n\t\t\t\t<\/div>\n\t\t\t\t<\/div>\n\t\t\t\t\t<\/div>\n\t\t\t\t<\/div>\n\t\t\t\t<\/div>\n\t\t","protected":false},"excerpt":{"rendered":"<p>Podporte n\u00e1s nefinan\u010dne Vyr\u00e1bate let\u00e1ky \u010di in\u00e9 propaga\u010dn\u00e9 materi\u00e1ly? Rob\u00edte grafick\u00e9 n\u00e1vrhy?Radi vyu\u017eijeme va\u0161e slu\u017eby a uvedieme v\u00e1s medzi partnerov a podporovate\u013eov organiz\u00e1cie. Podporte n\u00e1s finan\u010dne Va\u0161e financie bud\u00fa pou\u017eit\u00e9 na propag\u00e1ciu kozmonautiky na Slovensku, vzdel\u00e1vanie a na\u0161e technologick\u00e9 projekty. Prispie\u0165 m\u00f4\u017eete formou sponzorsk\u00e9ho daru, alebo prostredn\u00edctvom pouk\u00e1zania 2% z podielu zaplatenej dane. Pre viac [&hellip;]<\/p>\n","protected":false},"author":1,"featured_media":0,"parent":0,"menu_order":0,"comment_status":"closed","ping_status":"closed","template":"","meta":{"footnotes":""},"class_list":["post-4935","page","type-page","status-publish","hentry"],"yoast_head":"<!-- This site is optimized with the Yoast SEO plugin v26.9 - https:\/\/yoast.com\/product\/yoast-seo-wordpress\/ -->\n<title>Podporte n\u00e1s - Slovensk\u00e1 organiz\u00e1cia pre vesm\u00edrne aktivity<\/title>\n<meta name=\"robots\" content=\"index, follow, max-snippet:-1, max-image-preview:large, max-video-preview:-1\" \/>\n<link rel=\"canonical\" href=\"https:\/\/sosa.sk\/?page_id=4935\" \/>\n<meta property=\"og:locale\" content=\"sk_SK\" \/>\n<meta property=\"og:type\" content=\"article\" \/>\n<meta property=\"og:title\" content=\"Podporte n\u00e1s - Slovensk\u00e1 organiz\u00e1cia pre vesm\u00edrne aktivity\" \/>\n<meta property=\"og:description\" content=\"Podporte n\u00e1s nefinan\u010dne Vyr\u00e1bate let\u00e1ky \u010di in\u00e9 propaga\u010dn\u00e9 materi\u00e1ly? Rob\u00edte grafick\u00e9 n\u00e1vrhy?Radi vyu\u017eijeme va\u0161e slu\u017eby a uvedieme v\u00e1s medzi partnerov a podporovate\u013eov organiz\u00e1cie. Podporte n\u00e1s finan\u010dne Va\u0161e financie bud\u00fa pou\u017eit\u00e9 na propag\u00e1ciu kozmonautiky na Slovensku, vzdel\u00e1vanie a na\u0161e technologick\u00e9 projekty. Prispie\u0165 m\u00f4\u017eete formou sponzorsk\u00e9ho daru, alebo prostredn\u00edctvom pouk\u00e1zania 2% z podielu zaplatenej dane. Pre viac [&hellip;]\" \/>\n<meta property=\"og:url\" content=\"https:\/\/sosa.sk\/?page_id=4935\" \/>\n<meta property=\"og:site_name\" content=\"Slovensk\u00e1 organiz\u00e1cia pre vesm\u00edrne aktivity\" \/>\n<meta property=\"article:modified_time\" content=\"2024-12-19T15:33:27+00:00\" \/>\n<meta name=\"twitter:card\" content=\"summary_large_image\" \/>\n<meta name=\"twitter:label1\" content=\"Predpokladan\u00fd \u010das \u010d\u00edtania\" \/>\n\t<meta name=\"twitter:data1\" content=\"1 min\u00fata\" \/>\n<script type=\"application\/ld+json\" class=\"yoast-schema-graph\">{\"@context\":\"https:\/\/schema.org\",\"@graph\":[{\"@type\":\"WebPage\",\"@id\":\"https:\/\/sosa.sk\/?page_id=4935\",\"url\":\"https:\/\/sosa.sk\/?page_id=4935\",\"name\":\"Podporte n\u00e1s - Slovensk\u00e1 organiz\u00e1cia pre vesm\u00edrne aktivity\",\"isPartOf\":{\"@id\":\"https:\/\/sosa.sk\/#website\"},\"datePublished\":\"2024-01-10T11:38:20+00:00\",\"dateModified\":\"2024-12-19T15:33:27+00:00\",\"breadcrumb\":{\"@id\":\"https:\/\/sosa.sk\/?page_id=4935#breadcrumb\"},\"inLanguage\":\"sk-SK\",\"potentialAction\":[{\"@type\":\"ReadAction\",\"target\":[\"https:\/\/sosa.sk\/?page_id=4935\"]}]},{\"@type\":\"BreadcrumbList\",\"@id\":\"https:\/\/sosa.sk\/?page_id=4935#breadcrumb\",\"itemListElement\":[{\"@type\":\"ListItem\",\"position\":1,\"name\":\"Domovsk\u00e1 str\u00e1nka\",\"item\":\"https:\/\/sosa.sk\/\"},{\"@type\":\"ListItem\",\"position\":2,\"name\":\"Podporte n\u00e1s\"}]},{\"@type\":\"WebSite\",\"@id\":\"https:\/\/sosa.sk\/#website\",\"url\":\"https:\/\/sosa.sk\/\",\"name\":\"Slovensk\u00e1 organiz\u00e1cia pre vesm\u00edrne aktivity\",\"description\":\"Slovensk\u00e1 organiz\u00e1cia pre vesm\u00edrne aktivity vznikla v roku 2009 z iniciat\u00edvy nieko\u013ek\u00fdch mlad\u00fdch \u013eud\u00ed ako ob\u010dianske zdru\u017eenie. Po vzore a sk\u00fasenostiach zo zahrani\u010dia sme chceli vytvori\u0165 priestor, ktor\u00fd bude sp\u00e1ja\u0165 \u0161tudentov, v\u00fdskumn\u00edkov, amat\u00e9rov \u2013 \u013eud\u00ed r\u00f4zneho veku a vzdelania, no so spolo\u010dnou v\u00e1\u0161\u0148ou, ktorou je vesm\u00edr.\",\"potentialAction\":[{\"@type\":\"SearchAction\",\"target\":{\"@type\":\"EntryPoint\",\"urlTemplate\":\"https:\/\/sosa.sk\/?s={search_term_string}\"},\"query-input\":{\"@type\":\"PropertyValueSpecification\",\"valueRequired\":true,\"valueName\":\"search_term_string\"}}],\"inLanguage\":\"sk-SK\"}]}<\/script>\n<!-- \/ Yoast SEO plugin. -->","yoast_head_json":{"title":"Podporte n\u00e1s - Slovensk\u00e1 organiz\u00e1cia pre vesm\u00edrne aktivity","robots":{"index":"index","follow":"follow","max-snippet":"max-snippet:-1","max-image-preview":"max-image-preview:large","max-video-preview":"max-video-preview:-1"},"canonical":"https:\/\/sosa.sk\/?page_id=4935","og_locale":"sk_SK","og_type":"article","og_title":"Podporte n\u00e1s - Slovensk\u00e1 organiz\u00e1cia pre vesm\u00edrne aktivity","og_description":"Podporte n\u00e1s nefinan\u010dne Vyr\u00e1bate let\u00e1ky \u010di in\u00e9 propaga\u010dn\u00e9 materi\u00e1ly? Rob\u00edte grafick\u00e9 n\u00e1vrhy?Radi vyu\u017eijeme va\u0161e slu\u017eby a uvedieme v\u00e1s medzi partnerov a podporovate\u013eov organiz\u00e1cie. Podporte n\u00e1s finan\u010dne Va\u0161e financie bud\u00fa pou\u017eit\u00e9 na propag\u00e1ciu kozmonautiky na Slovensku, vzdel\u00e1vanie a na\u0161e technologick\u00e9 projekty. Prispie\u0165 m\u00f4\u017eete formou sponzorsk\u00e9ho daru, alebo prostredn\u00edctvom pouk\u00e1zania 2% z podielu zaplatenej dane. Pre viac [&hellip;]","og_url":"https:\/\/sosa.sk\/?page_id=4935","og_site_name":"Slovensk\u00e1 organiz\u00e1cia pre vesm\u00edrne aktivity","article_modified_time":"2024-12-19T15:33:27+00:00","twitter_card":"summary_large_image","twitter_misc":{"Predpokladan\u00fd \u010das \u010d\u00edtania":"1 min\u00fata"},"schema":{"@context":"https:\/\/schema.org","@graph":[{"@type":"WebPage","@id":"https:\/\/sosa.sk\/?page_id=4935","url":"https:\/\/sosa.sk\/?page_id=4935","name":"Podporte n\u00e1s - Slovensk\u00e1 organiz\u00e1cia pre vesm\u00edrne aktivity","isPartOf":{"@id":"https:\/\/sosa.sk\/#website"},"datePublished":"2024-01-10T11:38:20+00:00","dateModified":"2024-12-19T15:33:27+00:00","breadcrumb":{"@id":"https:\/\/sosa.sk\/?page_id=4935#breadcrumb"},"inLanguage":"sk-SK","potentialAction":[{"@type":"ReadAction","target":["https:\/\/sosa.sk\/?page_id=4935"]}]},{"@type":"BreadcrumbList","@id":"https:\/\/sosa.sk\/?page_id=4935#breadcrumb","itemListElement":[{"@type":"ListItem","position":1,"name":"Domovsk\u00e1 str\u00e1nka","item":"https:\/\/sosa.sk\/"},{"@type":"ListItem","position":2,"name":"Podporte n\u00e1s"}]},{"@type":"WebSite","@id":"https:\/\/sosa.sk\/#website","url":"https:\/\/sosa.sk\/","name":"Slovensk\u00e1 organiz\u00e1cia pre vesm\u00edrne aktivity","description":"Slovensk\u00e1 organiz\u00e1cia pre vesm\u00edrne aktivity vznikla v roku 2009 z iniciat\u00edvy nieko\u013ek\u00fdch mlad\u00fdch \u013eud\u00ed ako ob\u010dianske zdru\u017eenie. Po vzore a sk\u00fasenostiach zo zahrani\u010dia sme chceli vytvori\u0165 priestor, ktor\u00fd bude sp\u00e1ja\u0165 \u0161tudentov, v\u00fdskumn\u00edkov, amat\u00e9rov \u2013 \u013eud\u00ed r\u00f4zneho veku a vzdelania, no so spolo\u010dnou v\u00e1\u0161\u0148ou, ktorou je vesm\u00edr.","potentialAction":[{"@type":"SearchAction","target":{"@type":"EntryPoint","urlTemplate":"https:\/\/sosa.sk\/?s={search_term_string}"},"query-input":{"@type":"PropertyValueSpecification","valueRequired":true,"valueName":"search_term_string"}}],"inLanguage":"sk-SK"}]}},"_links":{"self":[{"href":"https:\/\/sosa.sk\/index.php?rest_route=\/wp\/v2\/pages\/4935","targetHints":{"allow":["GET"]}}],"collection":[{"href":"https:\/\/sosa.sk\/index.php?rest_route=\/wp\/v2\/pages"}],"about":[{"href":"https:\/\/sosa.sk\/index.php?rest_route=\/wp\/v2\/types\/page"}],"author":[{"embeddable":true,"href":"https:\/\/sosa.sk\/index.php?rest_route=\/wp\/v2\/users\/1"}],"replies":[{"embeddable":true,"href":"https:\/\/sosa.sk\/index.php?rest_route=%2Fwp%2Fv2%2Fcomments&post=4935"}],"version-history":[{"count":0,"href":"https:\/\/sosa.sk\/index.php?rest_route=\/wp\/v2\/pages\/4935\/revisions"}],"wp:attachment":[{"href":"https:\/\/sosa.sk\/index.php?rest_route=%2Fwp%2Fv2%2Fmedia&parent=4935"}],"curies":[{"name":"wp","href":"https:\/\/api.w.org\/{rel}","templated":true}]}}