{"id":4308,"date":"2023-11-09T23:42:34","date_gmt":"2023-11-09T22:42:34","guid":{"rendered":"https:\/\/sosa.sk\/?page_id=4308"},"modified":"2026-02-09T10:29:45","modified_gmt":"2026-02-09T09:29:45","slug":"projekty","status":"publish","type":"page","link":"https:\/\/sosa.sk\/?page_id=4308","title":{"rendered":"Projekty"},"content":{"rendered":"\n<p><strong>NANOSAT<\/strong><br>Rozvoj vzdel\u00e1vania v oblasti v\u00fdvoja nanosatelitov a kozmick\u00fdch technol\u00f3gi\u00ed<\/p>\n\n\n\n<p>Projekt NANOSAT realizujeme v spolupr\u00e1ci s <a href=\"https:\/\/www.astrovm.cz\/cz\/program\/projekty\/rozvoj-vzdelavani-v-oblasti-vyvoje-nanosatelitu-a-kosmickych-technologii.html\" type=\"link\" id=\"https:\/\/www.astrovm.cz\/cz\/program\/projekty\/rozvoj-vzdelavani-v-oblasti-vyvoje-nanosatelitu-a-kosmickych-technologii.html\" target=\"_blank\" rel=\"noreferrer noopener\">Hv\u011bzd\u00e1rnou Vala\u0161sk\u00e9 Mezi\u0159\u00ed\u010d\u00ed<\/a>.<br>Projekt je zameran\u00fd na pr\u00edpravu a realiz\u00e1ciu vysoko odborn\u00fdch vzdel\u00e1vac\u00edch aktiv\u00edt v oblasti kozmick\u00fdch technol\u00f3gi\u00ed a rozvoj cezhrani\u010dnej spolupr\u00e1ce. \u0160pecificky je zameran\u00fd na procesy a znalosti pre n\u00e1vrh, kon\u0161trukciu, stavbu, vypustenie a operovanie nanosatelitov. V \u0161ir\u0161\u00edch s\u00favislostiaach v\u0161ak predstavuje aj s\u00favisiace odbory a oblasti, najm\u00e4 modern\u00e9 technol\u00f3gie a niektor\u00e9 oblasti pr\u00edrodn\u00fdch vied.<br>S\u00fa\u010das\u0165ou projektu s\u00fa s\u00fabory vzdel\u00e1vac\u00edch aktiv\u00edt pripravovan\u00fdch spolo\u010dne oboma partnermi ur\u010den\u00fdch predov\u0161etk\u00fdm:<\/p>\n\n\n\n<ol class=\"wp-block-list\">\n<li>mlad\u00fdm \u013eu\u010fom &#8211; \u0161tudentom, \u00fa\u010dastn\u00edkom z\u00e1ujmov\u00e9ho vzdel\u00e1vania a pod. formou opakovan\u00fdch lekci\u00ed,<\/li>\n\n\n\n<li>programy ur\u010den\u00e9 prim\u00e1rne \u017eiakom druh\u00e9ho stup\u0148a z\u00e1kladn\u00fdch \u0161k\u00f4l -cyklus 3 programov pre \u0161kolsk\u00e9 aj mimo\u0161kolsk\u00e9 skupiny a besedy zameran\u00e9 na problematiku kozmick\u00e9ho odpadu,<\/li>\n\n\n\n<li>programy ur\u010den\u00e9 \u0161tudentom S\u0160 a V\u0160 i \u0161ir\u0161ej verejnosti so z\u00e1ujmom o problematiku &#8211; workshopy, \u0161kolenia, vyu\u017eitie eduka\u010dn\u00fdch pom\u00f4cok a pod.,<\/li>\n\n\n\n<li>konferencia pre \u0161ir\u0161iu odborn\u00fa verejnost so zameran\u00edm na ml\u00e1de\u017e a ich prepojenie s priemyslovou sf\u00e9rou, <\/li>\n\n\n\n<li>pr\u00edprava a tla\u010d vzdel\u00e1vacej bro\u017e\u00farky venovanej problematike kozmick\u00e9ho odpadu pre ml\u00e1de\u017e.<\/li>\n<\/ol>\n\n\n\n<p>V priebehu realiz\u00e1cie projektu predpokl\u00e1d\u00e1me naplnenie indik\u00e1toru RCO 85 v hodnote 213 \u00fa\u010dastn\u00edkov, a RCR 81 v hodnote 185 \u00fa\u010dastn\u00edkov. V\u0161etky vzdel\u00e1vacie akcie, aktivity a \u010dinnosti v r\u00e1mci projektu sa bud\u00fa realizova\u0165 v r\u00e1mci podporovan\u00e9ho \u00fazemia aj napriek tomu, \u017ee SOSA ako HCP m\u00e1 svoje s\u00eddlo mimo podporovan\u00e9ho \u00fazemia.<\/p>\n\n\n\n<figure class=\"wp-block-table\"><table class=\"has-fixed-layout\"><tbody><tr><td><strong>N\u00e1zov projektu:<\/strong><\/td><td><strong>ROZVOJ VZD\u011aL\u00c1V\u00c1N\u00cd V OBLASTI V\u00ddVOJE NANOSATELIT\u016e A KOSMICK\u00ddCH TECHNOLOGI\u00cd&nbsp;<\/strong><\/td><\/tr><tr><td><strong>Skr\u00e1ten\u00fd n\u00e1zov:<\/strong><\/td><td><strong>NANOSAT<\/strong><\/td><\/tr><tr><td><strong>K\u00f3d v\u00fdzvy:<\/strong><\/td><td>INTERREG SK-CZ\/2023\/4_Vzdel\u00e1vanie<\/td><\/tr><tr><td><strong>Program:<\/strong><\/td><td><a href=\"https:\/\/www.sk-cz.eu\/\">https:\/\/www.sk-cz.eu\/<\/a><\/td><\/tr><tr><td><strong>Reg. \u010d\u00edslo projektu:<\/strong><\/td><td>NFP403401DXQ1<\/td><\/tr><tr><td><strong>\u017diadate\u013e projektu:<\/strong><\/td><td><strong>Hv\u011bzd\u00e1rna Vala\u0161sk\u00e9 Mezi\u0159\u00ed\u010d\u00ed, p. o.<\/strong><br>Vset\u00ednsk\u00e1 941\/78<br>757 01&nbsp; Vala\u0161sk\u00e9 Mezi\u0159\u00ed\u010d\u00ed<\/td><\/tr><tr><td><strong>Partner projektu:<\/strong><\/td><td><strong><a href=\"https:\/\/sosa.sk\/\" target=\"_blank\" rel=\"noreferrer noopener\">Slovensk\u00e1 organiz\u00e1cia pre vesm\u00edrne aktivity<\/a><br><\/strong>Jablonec, Ilkovi\u010dov\u00e1 110, 900 86<\/td><\/tr><tr><td><strong>Term\u00edn realiz\u00e1cie:<\/strong><\/td><td>b\u0159ezen 2025 \u2013 b\u0159ezen 2027<\/td><\/tr><tr><td><strong>Kontaktn\u00fd e-mail:<\/strong><\/td><td><a href=\"mailto:libor.lenza@astrovm.cz\">libor.lenza@astrovm.cz<\/a>,&nbsp;<a href=\"mailto:nlenzova@astrovm.cz\">nlenzova@astrovm.cz<\/a><\/td><\/tr><tr><td><strong>Rozpo\u010det projektu:<\/strong><\/td><td>204 757,29 \u20ac<\/td><\/tr><tr><td><strong>Rozpo\u010det projektu (zdroj E\u00da):<\/strong><\/td><td>163 805,83 \u20ac<\/td><\/tr><\/tbody><\/table><\/figure>\n\n\n\n<p>Program: <a href=\"https:\/\/www.sk-cz.eu\/\" target=\"_blank\" rel=\"noreferrer noopener\">https:\/\/www.sk-cz.eu\/<\/a><\/p>\n\n\n<section>\n<h3>\u00a0<\/h3>\n<p><a href=\"https:\/\/sosa.sk\/projekty\/hlavne-projekty\/projekt-1-slovenskej-druzice-skcube\/\"><img decoding=\"async\" src=\"https:\/\/sosa.sk\/wp-content\/uploads\/2023\/11\/blank-1170x700.jpg\" alt=\"blank\" \/><\/a><\/p>\n<h3><a href=\"https:\/\/sosa.sk\/projekty\/hlavne-projekty\/projekt-1-slovenskej-druzice-skcube\/\">Projekt 1. slovenskej dru\u017eice skCUBE<\/a><\/h3>\n<p>viac o projekte na http:\/\/www.druzica.sk\/<br \/><a href=\"https:\/\/sosa.sk\/projekty\/hlavne-projekty\/projekt-1-slovenskej-druzice-skcube\/\"><br \/>Viac <\/a><br \/><a href=\"https:\/\/sosa.sk\/projekty\/hlavne-projekty\/projekt-suborbitalneho-raketoveho-nosica-ardea\/\"><img decoding=\"async\" src=\"https:\/\/sosa.sk\/wp-content\/uploads\/2023\/11\/ardea_cover-1170x700.jpg\" alt=\"ardea_cover\" \/><\/a><\/p>\n<h3><a href=\"https:\/\/sosa.sk\/projekty\/hlavne-projekty\/projekt-suborbitalneho-raketoveho-nosica-ardea\/\">Projekt suborbit\u00e1lneho raketov\u00e9ho nosi\u010da Ardea<\/a><\/h3>\n<p>The\u00a0ARDEA\u00a0(Amateur\u00a0Rocket\u00a0Development\u00a0Adventure) project aims to develop light and a\ufb00ordable small rockets for scienti\ufb01c and commercial usage. The ARDEA rockets are designed&#8230;<br \/><a href=\"https:\/\/sosa.sk\/projekty\/hlavne-projekty\/projekt-suborbitalneho-raketoveho-nosica-ardea\/\"><br \/>Viac <\/a><br \/><a href=\"https:\/\/sosa.sk\/projekty\/hlavne-projekty\/balonove-lety-do-stratosfery\/\"><img decoding=\"async\" src=\"https:\/\/sosa.sk\/wp-content\/uploads\/2023\/11\/blank-1170x700.jpg\" alt=\"blank\" \/><\/a><\/p>\n<h3><a href=\"https:\/\/sosa.sk\/projekty\/hlavne-projekty\/balonove-lety-do-stratosfery\/\">Bal\u00f3nov\u00e9 lety do stratosf\u00e9ry<\/a><\/h3>\n<p>Lietaniu do stratosf\u00e9ry sa venujeme u\u017e od roku 2010, kedy sme zostrojili na\u0161u prv\u00fa stratosf\u00e9rick\u00fa sondu JULO-1, pomenovan\u00fa po J\u00faliusovi Satinskom. Od t\u00fdch \u010dias sme s \u010fal\u0161\u00edmi sondami absolvovali&#8230;<br \/><a href=\"https:\/\/sosa.sk\/projekty\/hlavne-projekty\/balonove-lety-do-stratosfery\/\"><br \/>Viac <\/a><br \/><a href=\"https:\/\/sosa.sk\/projekty\/hlavne-projekty\/spolecne-na-hranici-vesmiru\/\"><img decoding=\"async\" src=\"https:\/\/sosa.sk\/wp-content\/uploads\/2023\/11\/blank-1170x700.jpg\" alt=\"blank\" \/><\/a><\/p>\n<h3><a href=\"https:\/\/sosa.sk\/projekty\/hlavne-projekty\/spolecne-na-hranici-vesmiru\/\">Spole\u010dn\u011b na hranici vesm\u00edru<\/a><\/h3>\n<p>Projekt podporuje spolupr\u00e1cu a vyh\u013ead\u00e1vanie nov\u00fdch z\u00e1ujemcov o pr\u00e1cu v cezhrani\u010dn\u00fdch\u00a0v\u00fdvojov\u00fdch a v\u00fdzkumno-technick\u00fdch t\u00fdmoch, zameran\u00fdch na v\u00fdvoj nov\u00fdch zariaden\u00ed, technol\u00f3gii a inov\u00e1cii&#8230;.<br \/><a href=\"https:\/\/sosa.sk\/projekty\/hlavne-projekty\/spolecne-na-hranici-vesmiru\/\"><br \/>Viac <\/a><\/p>\n<\/section>\n<section>\n<h3>\u010eal\u0161ie projekty<\/h3>\n<p><a href=\"https:\/\/sosa.sk\/projekty\/dalsie-projekty\/picobalony\/\"><img decoding=\"async\" src=\"https:\/\/sosa.sk\/wp-content\/uploads\/2023\/11\/blank-1170x700.jpg\" alt=\"blank\" \/><\/a><\/p>\n<h3><a href=\"https:\/\/sosa.sk\/projekty\/dalsie-projekty\/picobalony\/\">Picobal\u00f3ny<\/a><\/h3>\n<p>Pikobal\u00f3n je mal\u00e1 stratosferick\u00e1 sonda. Ide o ultra\u013eahk\u00e9 samostatn\u00e9 zariadenie, ktor\u00e9 dok\u00e1\u017ee vykon\u00e1va\u0165 a odosiela\u0165 merania meteorologick\u00fdch d\u00e1t. Medzi tieto d\u00e1ta patr\u00ed teplota, vlhkos\u0165, tlak, UV&#8230;<br \/><a href=\"https:\/\/sosa.sk\/projekty\/dalsie-projekty\/picobalony\/\"><br \/>Viac <\/a><br \/><a href=\"https:\/\/sosa.sk\/projekty\/dalsie-projekty\/growbox\/\"><img decoding=\"async\" src=\"https:\/\/sosa.sk\/wp-content\/uploads\/2023\/11\/growbox-scaled-1170x700.jpg\" alt=\"growbox\" \/><\/a><\/p>\n<h3><a href=\"https:\/\/sosa.sk\/projekty\/dalsie-projekty\/growbox\/\">Growbox<\/a><\/h3>\n<p>Growbox je zariadenie, ktor\u00e9 vyu\u017e\u00edva hydroponick\u00fd syst\u00e9m k\u00a0vypestovaniu nekvitn\u00facich plod\u00edn, ak\u00fdmi s\u00fa napr\u00edklad r\u00f4zne druhy \u0161al\u00e1tov.<br \/>Zariadenie sa sklad\u00e1 z\u00a0troch sekci\u00ed. Dvoch men\u0161\u00edch \u2013&#8230;<br \/><a href=\"https:\/\/sosa.sk\/projekty\/dalsie-projekty\/growbox\/\"><br \/>Viac <\/a><br \/><a href=\"https:\/\/sosa.sk\/projekty\/dalsie-projekty\/stratosfericky-klzak-glider\/\"><img decoding=\"async\" src=\"https:\/\/sosa.sk\/wp-content\/uploads\/2023\/11\/klzak1-scaled-1170x700.jpg\" alt=\"klzak1\" \/><\/a><\/p>\n<h3><a href=\"https:\/\/sosa.sk\/projekty\/dalsie-projekty\/stratosfericky-klzak-glider\/\">Stratosf\u00e9rick\u00fd klz\u00e1k \u2013 glider<\/a><\/h3>\n<p>Stratosf\u00e9rick\u00fd klz\u00e1k je cenovo dostupn\u00fd dopravn\u00fd prostriedok na dopravu pr\u00edstrojov, ktor\u00e9 sk\u00famaj\u00fa stratosf\u00e9ru, sp\u00e4\u0165 na zem. T\u00e1to platforma je bezpilotn\u00e1, do stratosf\u00e9ry je dopraven\u00e1 pomocou bal\u00f3na&#8230;<br \/><a href=\"https:\/\/sosa.sk\/projekty\/dalsie-projekty\/stratosfericky-klzak-glider\/\"><br \/>Viac <\/a><br \/><a href=\"https:\/\/sosa.sk\/projekty\/dalsie-projekty\/opendsky\/\"><img decoding=\"async\" src=\"https:\/\/sosa.sk\/wp-content\/uploads\/2023\/11\/OpenDSKY1-scaled-1170x700.jpg\" alt=\"OpenDSKY1\" \/><\/a><\/p>\n<h3><a href=\"https:\/\/sosa.sk\/projekty\/dalsie-projekty\/opendsky\/\">OpenDSKY<\/a><\/h3>\n<p>Projekt je zameran\u00fd na v\u00fdrobu repliky zariadenia OpenDSKY, ktor\u00e9 sl\u00fa\u017eilo na nav\u00e1dzanie rakiet po\u010das \u00e9ry Apollo. Ka\u017ed\u00e1 misia disponovala dvomi zariadeniami, pri\u010dom jedno bolo umiestnen\u00e9 vo velite\u013eskom&#8230;<br \/><a href=\"https:\/\/sosa.sk\/projekty\/dalsie-projekty\/opendsky\/\"><br \/>Viac <\/a><br \/><a href=\"https:\/\/sosa.sk\/projekty\/dalsie-projekty\/vodne-rakety\/\"><img decoding=\"async\" src=\"https:\/\/sosa.sk\/wp-content\/uploads\/2023\/11\/rakety3-scaled-1170x700.jpg\" alt=\"rakety3\" \/><\/a><\/p>\n<h3><a href=\"https:\/\/sosa.sk\/projekty\/dalsie-projekty\/vodne-rakety\/\">Vodn\u00e9 rakety<\/a><\/h3>\n<p>Projekt je zameran\u00fd prim\u00e1rne na vzdel\u00e1vanie ml\u00e1de\u017ee v oblasti programovania, kon\u0161trukt\u00e9rstva, praktickej fyziky, aerodynamiky a elektrotechniky.<br \/>V prvej f\u00e1ze sa z\u00fa\u010dastnen\u00ed z\u00e1ujemci nau\u010dia&#8230;<br \/><a href=\"https:\/\/sosa.sk\/projekty\/dalsie-projekty\/vodne-rakety\/\"><br \/>Viac <\/a><br \/><a href=\"https:\/\/sosa.sk\/projekty\/dalsie-projekty\/planetarium-pre-bratislavu\/\"><img decoding=\"async\" src=\"https:\/\/sosa.sk\/wp-content\/uploads\/2023\/11\/ba_planetarium7-1170x700.jpg\" alt=\"ba_planetarium7\" \/><\/a><\/p>\n<h3><a href=\"https:\/\/sosa.sk\/projekty\/dalsie-projekty\/planetarium-pre-bratislavu\/\">Planet\u00e1rium pre Bratislavu<\/a><\/h3>\n<p>SOSA sa spolo\u010dne so zdru\u017een\u00edm\u00a0Slovensk\u00e9 planet\u00e1ri\u00e1\u00a0podie\u013ea na pr\u00edprave planet\u00e1ria v Bratislave na n\u00e1bre\u017e\u00ed Dunaja. Z\u00e1le\u017e\u00ed n\u00e1m na tom, aby viac ne\u017e 500 \u0161k\u00f4l a obyvatelia bratislavsk\u00e9ho kraja&#8230;<br \/><a href=\"https:\/\/sosa.sk\/projekty\/dalsie-projekty\/planetarium-pre-bratislavu\/\"><br \/>Viac <\/a><br \/><a href=\"https:\/\/sosa.sk\/projekty\/dalsie-projekty\/spolocne-pre-vzdelavanie-vyskum-a-nove-technologie\/\"><img decoding=\"async\" src=\"https:\/\/sosa.sk\/wp-content\/uploads\/2023\/11\/blank-1170x700.jpg\" alt=\"blank\" \/><\/a><\/p>\n<h3><a href=\"https:\/\/sosa.sk\/projekty\/dalsie-projekty\/spolocne-pre-vzdelavanie-vyskum-a-nove-technologie\/\">Spolo\u010dne pre vzdel\u00e1vanie, v\u00fdskum a nov\u00e9 technol\u00f3gie<\/a><\/h3>\n<p>Spolo\u010dn\u00fd projekt Slovenskej organiz\u00e1cie pre vesm\u00edrne aktivity a\u00a0Hv\u011bzd\u00e1rne Vala\u0161sk\u00e9 Mezi\u0159\u00ed\u010d\u00ed, v r\u00e1mci ktor\u00e9ho sme usporiadali nieko\u013eko propaga\u010dn\u00fdch a vzdel\u00e1vac\u00edch akci\u00ed, workshopov, v\u00fdmenn\u00fdch&#8230;<br \/><a href=\"https:\/\/sosa.sk\/projekty\/dalsie-projekty\/spolocne-pre-vzdelavanie-vyskum-a-nove-technologie\/\"><br \/>Viac <\/a><br \/><a href=\"https:\/\/sosa.sk\/projekty\/dalsie-projekty\/spolocne-medzi-zemou-a-vesmirom\/\"><img decoding=\"async\" src=\"https:\/\/sosa.sk\/wp-content\/uploads\/2023\/11\/blank-1170x700.jpg\" alt=\"blank\" \/><\/a><\/p>\n<h3><a href=\"https:\/\/sosa.sk\/projekty\/dalsie-projekty\/spolocne-medzi-zemou-a-vesmirom\/\">Spolo\u010dne medzi Zemou a vesm\u00edrom<\/a><\/h3>\n<p>\u00dastav ch\u00e9mie a bioch\u00e9mie Mendelovej univerzity v Brne spolu so Slovenskou organiz\u00e1ciou pre vesm\u00edrne aktivity spolupracovali v projekte, ktor\u00e9ho cie\u013eom bolo nadviaza\u0165 \u0161ir\u0161iu spolupr\u00e1cu na \u00farovni&#8230;<br \/><a href=\"https:\/\/sosa.sk\/projekty\/dalsie-projekty\/spolocne-medzi-zemou-a-vesmirom\/\"><br \/>Viac <\/a><br \/><a href=\"https:\/\/sosa.sk\/projekty\/dalsie-projekty\/near-space-faster-and-further-2022\/\"><img decoding=\"async\" src=\"https:\/\/sosa.sk\/wp-content\/uploads\/2023\/11\/blank-1170x700.jpg\" alt=\"blank\" \/><\/a><\/p>\n<h3><a href=\"https:\/\/sosa.sk\/projekty\/dalsie-projekty\/near-space-faster-and-further-2022\/\">Near Space: faster and further 2022<\/a><\/h3>\n<p>Slovensk\u00e1 organiz\u00e1cia pre vesm\u00edrne aktivity\u00a0(SOSA) v spolupr\u00e1ci s\u00a0\u00dastavom chemie a biochemie\u00a0(MENDELU, Brno) v r\u00e1mci projektu\u00a0Near Space: faster and&#8230;<br \/><a href=\"https:\/\/sosa.sk\/projekty\/dalsie-projekty\/near-space-faster-and-further-2022\/\"><br \/>Viac <\/a><\/p>\n<\/section>\n<section>\n<h3>Vzdel\u00e1vacie a populariza\u010dn\u00e9 aktivity<\/h3>\n<p><a href=\"https:\/\/sosa.sk\/projekty\/vzdelavacie-a-popularizacne-aktivity\/misia-mars\/\"><img decoding=\"async\" src=\"https:\/\/sosa.sk\/wp-content\/uploads\/2023\/11\/blank-1170x700.jpg\" alt=\"blank\" \/><\/a><\/p>\n<h3><a href=\"https:\/\/sosa.sk\/projekty\/vzdelavacie-a-popularizacne-aktivity\/misia-mars\/\">Misia Mars<\/a><\/h3>\n<p>Vedeli by ste \u017ei\u0165 na Marse? Ak m\u00e1te n\u00e1pad, ako pre\u017ei\u0165 na \u010dervenej plan\u00e9te, pripravte projekt na simulovan\u00fa mar\u0165ansk\u00fa misiu.<br \/>Prest\u00ed\u017ena s\u00fa\u0165a\u017e Misia Mars sa kon\u00e1 u\u017e tret\u00ed rok. Je ur\u010den\u00e1 pre \u0161tudentov&#8230;<br \/><a href=\"https:\/\/sosa.sk\/projekty\/vzdelavacie-a-popularizacne-aktivity\/misia-mars\/\"><br \/>Viac <\/a><\/p>\n<\/section>","protected":false},"excerpt":{"rendered":"<p>NANOSATRozvoj vzdel\u00e1vania v oblasti v\u00fdvoja nanosatelitov a kozmick\u00fdch technol\u00f3gi\u00ed Projekt NANOSAT realizujeme v spolupr\u00e1ci s Hv\u011bzd\u00e1rnou Vala\u0161sk\u00e9 Mezi\u0159\u00ed\u010d\u00ed.Projekt je zameran\u00fd na pr\u00edpravu a realiz\u00e1ciu vysoko odborn\u00fdch vzdel\u00e1vac\u00edch aktiv\u00edt v oblasti kozmick\u00fdch technol\u00f3gi\u00ed a rozvoj cezhrani\u010dnej spolupr\u00e1ce. \u0160pecificky je zameran\u00fd na procesy a znalosti pre n\u00e1vrh, kon\u0161trukciu, stavbu, vypustenie a operovanie nanosatelitov. V \u0161ir\u0161\u00edch s\u00favislostiaach v\u0161ak [&hellip;]<\/p>\n","protected":false},"author":1,"featured_media":0,"parent":0,"menu_order":0,"comment_status":"closed","ping_status":"closed","template":"","meta":{"footnotes":""},"class_list":["post-4308","page","type-page","status-publish","hentry"],"yoast_head":"<!-- This site is optimized with the Yoast SEO plugin v26.9 - https:\/\/yoast.com\/product\/yoast-seo-wordpress\/ -->\n<title>Projekty - Slovensk\u00e1 organiz\u00e1cia pre vesm\u00edrne aktivity<\/title>\n<meta name=\"robots\" content=\"index, follow, max-snippet:-1, max-image-preview:large, max-video-preview:-1\" \/>\n<link rel=\"canonical\" href=\"https:\/\/sosa.sk\/?page_id=4308\" \/>\n<meta property=\"og:locale\" content=\"sk_SK\" \/>\n<meta property=\"og:type\" content=\"article\" \/>\n<meta property=\"og:title\" content=\"Projekty - Slovensk\u00e1 organiz\u00e1cia pre vesm\u00edrne aktivity\" \/>\n<meta property=\"og:description\" content=\"NANOSATRozvoj vzdel\u00e1vania v oblasti v\u00fdvoja nanosatelitov a kozmick\u00fdch technol\u00f3gi\u00ed Projekt NANOSAT realizujeme v spolupr\u00e1ci s Hv\u011bzd\u00e1rnou Vala\u0161sk\u00e9 Mezi\u0159\u00ed\u010d\u00ed.Projekt je zameran\u00fd na pr\u00edpravu a realiz\u00e1ciu vysoko odborn\u00fdch vzdel\u00e1vac\u00edch aktiv\u00edt v oblasti kozmick\u00fdch technol\u00f3gi\u00ed a rozvoj cezhrani\u010dnej spolupr\u00e1ce. \u0160pecificky je zameran\u00fd na procesy a znalosti pre n\u00e1vrh, kon\u0161trukciu, stavbu, vypustenie a operovanie nanosatelitov. V \u0161ir\u0161\u00edch s\u00favislostiaach v\u0161ak [&hellip;]\" \/>\n<meta property=\"og:url\" content=\"https:\/\/sosa.sk\/?page_id=4308\" \/>\n<meta property=\"og:site_name\" content=\"Slovensk\u00e1 organiz\u00e1cia pre vesm\u00edrne aktivity\" \/>\n<meta property=\"article:modified_time\" content=\"2026-02-09T09:29:45+00:00\" \/>\n<meta property=\"og:image\" content=\"https:\/\/sosa.sk\/wp-content\/uploads\/2023\/11\/blank-1170x700.jpg\" \/>\n<meta name=\"twitter:card\" content=\"summary_large_image\" \/>\n<meta name=\"twitter:label1\" content=\"Predpokladan\u00fd \u010das \u010d\u00edtania\" \/>\n\t<meta name=\"twitter:data1\" content=\"7 min\u00fat\" \/>\n<script type=\"application\/ld+json\" class=\"yoast-schema-graph\">{\"@context\":\"https:\/\/schema.org\",\"@graph\":[{\"@type\":\"WebPage\",\"@id\":\"https:\/\/sosa.sk\/?page_id=4308\",\"url\":\"https:\/\/sosa.sk\/?page_id=4308\",\"name\":\"Projekty - Slovensk\u00e1 organiz\u00e1cia pre vesm\u00edrne aktivity\",\"isPartOf\":{\"@id\":\"https:\/\/sosa.sk\/#website\"},\"primaryImageOfPage\":{\"@id\":\"https:\/\/sosa.sk\/?page_id=4308#primaryimage\"},\"image\":{\"@id\":\"https:\/\/sosa.sk\/?page_id=4308#primaryimage\"},\"thumbnailUrl\":\"https:\/\/sosa.sk\/wp-content\/uploads\/2023\/11\/blank-1170x700.jpg\",\"datePublished\":\"2023-11-09T22:42:34+00:00\",\"dateModified\":\"2026-02-09T09:29:45+00:00\",\"breadcrumb\":{\"@id\":\"https:\/\/sosa.sk\/?page_id=4308#breadcrumb\"},\"inLanguage\":\"sk-SK\",\"potentialAction\":[{\"@type\":\"ReadAction\",\"target\":[\"https:\/\/sosa.sk\/?page_id=4308\"]}]},{\"@type\":\"ImageObject\",\"inLanguage\":\"sk-SK\",\"@id\":\"https:\/\/sosa.sk\/?page_id=4308#primaryimage\",\"url\":\"https:\/\/sosa.sk\/wp-content\/uploads\/2023\/11\/blank.jpg\",\"contentUrl\":\"https:\/\/sosa.sk\/wp-content\/uploads\/2023\/11\/blank.jpg\",\"width\":370,\"height\":370},{\"@type\":\"BreadcrumbList\",\"@id\":\"https:\/\/sosa.sk\/?page_id=4308#breadcrumb\",\"itemListElement\":[{\"@type\":\"ListItem\",\"position\":1,\"name\":\"Domovsk\u00e1 str\u00e1nka\",\"item\":\"https:\/\/sosa.sk\/\"},{\"@type\":\"ListItem\",\"position\":2,\"name\":\"Projekty\"}]},{\"@type\":\"WebSite\",\"@id\":\"https:\/\/sosa.sk\/#website\",\"url\":\"https:\/\/sosa.sk\/\",\"name\":\"Slovensk\u00e1 organiz\u00e1cia pre vesm\u00edrne aktivity\",\"description\":\"Slovensk\u00e1 organiz\u00e1cia pre vesm\u00edrne aktivity vznikla v roku 2009 z iniciat\u00edvy nieko\u013ek\u00fdch mlad\u00fdch \u013eud\u00ed ako ob\u010dianske zdru\u017eenie. Po vzore a sk\u00fasenostiach zo zahrani\u010dia sme chceli vytvori\u0165 priestor, ktor\u00fd bude sp\u00e1ja\u0165 \u0161tudentov, v\u00fdskumn\u00edkov, amat\u00e9rov \u2013 \u013eud\u00ed r\u00f4zneho veku a vzdelania, no so spolo\u010dnou v\u00e1\u0161\u0148ou, ktorou je vesm\u00edr.\",\"potentialAction\":[{\"@type\":\"SearchAction\",\"target\":{\"@type\":\"EntryPoint\",\"urlTemplate\":\"https:\/\/sosa.sk\/?s={search_term_string}\"},\"query-input\":{\"@type\":\"PropertyValueSpecification\",\"valueRequired\":true,\"valueName\":\"search_term_string\"}}],\"inLanguage\":\"sk-SK\"}]}<\/script>\n<!-- \/ Yoast SEO plugin. -->","yoast_head_json":{"title":"Projekty - Slovensk\u00e1 organiz\u00e1cia pre vesm\u00edrne aktivity","robots":{"index":"index","follow":"follow","max-snippet":"max-snippet:-1","max-image-preview":"max-image-preview:large","max-video-preview":"max-video-preview:-1"},"canonical":"https:\/\/sosa.sk\/?page_id=4308","og_locale":"sk_SK","og_type":"article","og_title":"Projekty - Slovensk\u00e1 organiz\u00e1cia pre vesm\u00edrne aktivity","og_description":"NANOSATRozvoj vzdel\u00e1vania v oblasti v\u00fdvoja nanosatelitov a kozmick\u00fdch technol\u00f3gi\u00ed Projekt NANOSAT realizujeme v spolupr\u00e1ci s Hv\u011bzd\u00e1rnou Vala\u0161sk\u00e9 Mezi\u0159\u00ed\u010d\u00ed.Projekt je zameran\u00fd na pr\u00edpravu a realiz\u00e1ciu vysoko odborn\u00fdch vzdel\u00e1vac\u00edch aktiv\u00edt v oblasti kozmick\u00fdch technol\u00f3gi\u00ed a rozvoj cezhrani\u010dnej spolupr\u00e1ce. \u0160pecificky je zameran\u00fd na procesy a znalosti pre n\u00e1vrh, kon\u0161trukciu, stavbu, vypustenie a operovanie nanosatelitov. V \u0161ir\u0161\u00edch s\u00favislostiaach v\u0161ak [&hellip;]","og_url":"https:\/\/sosa.sk\/?page_id=4308","og_site_name":"Slovensk\u00e1 organiz\u00e1cia pre vesm\u00edrne aktivity","article_modified_time":"2026-02-09T09:29:45+00:00","og_image":[{"url":"https:\/\/sosa.sk\/wp-content\/uploads\/2023\/11\/blank-1170x700.jpg","type":"","width":"","height":""}],"twitter_card":"summary_large_image","twitter_misc":{"Predpokladan\u00fd \u010das \u010d\u00edtania":"7 min\u00fat"},"schema":{"@context":"https:\/\/schema.org","@graph":[{"@type":"WebPage","@id":"https:\/\/sosa.sk\/?page_id=4308","url":"https:\/\/sosa.sk\/?page_id=4308","name":"Projekty - Slovensk\u00e1 organiz\u00e1cia pre vesm\u00edrne aktivity","isPartOf":{"@id":"https:\/\/sosa.sk\/#website"},"primaryImageOfPage":{"@id":"https:\/\/sosa.sk\/?page_id=4308#primaryimage"},"image":{"@id":"https:\/\/sosa.sk\/?page_id=4308#primaryimage"},"thumbnailUrl":"https:\/\/sosa.sk\/wp-content\/uploads\/2023\/11\/blank-1170x700.jpg","datePublished":"2023-11-09T22:42:34+00:00","dateModified":"2026-02-09T09:29:45+00:00","breadcrumb":{"@id":"https:\/\/sosa.sk\/?page_id=4308#breadcrumb"},"inLanguage":"sk-SK","potentialAction":[{"@type":"ReadAction","target":["https:\/\/sosa.sk\/?page_id=4308"]}]},{"@type":"ImageObject","inLanguage":"sk-SK","@id":"https:\/\/sosa.sk\/?page_id=4308#primaryimage","url":"https:\/\/sosa.sk\/wp-content\/uploads\/2023\/11\/blank.jpg","contentUrl":"https:\/\/sosa.sk\/wp-content\/uploads\/2023\/11\/blank.jpg","width":370,"height":370},{"@type":"BreadcrumbList","@id":"https:\/\/sosa.sk\/?page_id=4308#breadcrumb","itemListElement":[{"@type":"ListItem","position":1,"name":"Domovsk\u00e1 str\u00e1nka","item":"https:\/\/sosa.sk\/"},{"@type":"ListItem","position":2,"name":"Projekty"}]},{"@type":"WebSite","@id":"https:\/\/sosa.sk\/#website","url":"https:\/\/sosa.sk\/","name":"Slovensk\u00e1 organiz\u00e1cia pre vesm\u00edrne aktivity","description":"Slovensk\u00e1 organiz\u00e1cia pre vesm\u00edrne aktivity vznikla v roku 2009 z iniciat\u00edvy nieko\u013ek\u00fdch mlad\u00fdch \u013eud\u00ed ako ob\u010dianske zdru\u017eenie. Po vzore a sk\u00fasenostiach zo zahrani\u010dia sme chceli vytvori\u0165 priestor, ktor\u00fd bude sp\u00e1ja\u0165 \u0161tudentov, v\u00fdskumn\u00edkov, amat\u00e9rov \u2013 \u013eud\u00ed r\u00f4zneho veku a vzdelania, no so spolo\u010dnou v\u00e1\u0161\u0148ou, ktorou je vesm\u00edr.","potentialAction":[{"@type":"SearchAction","target":{"@type":"EntryPoint","urlTemplate":"https:\/\/sosa.sk\/?s={search_term_string}"},"query-input":{"@type":"PropertyValueSpecification","valueRequired":true,"valueName":"search_term_string"}}],"inLanguage":"sk-SK"}]}},"_links":{"self":[{"href":"https:\/\/sosa.sk\/index.php?rest_route=\/wp\/v2\/pages\/4308","targetHints":{"allow":["GET"]}}],"collection":[{"href":"https:\/\/sosa.sk\/index.php?rest_route=\/wp\/v2\/pages"}],"about":[{"href":"https:\/\/sosa.sk\/index.php?rest_route=\/wp\/v2\/types\/page"}],"author":[{"embeddable":true,"href":"https:\/\/sosa.sk\/index.php?rest_route=\/wp\/v2\/users\/1"}],"replies":[{"embeddable":true,"href":"https:\/\/sosa.sk\/index.php?rest_route=%2Fwp%2Fv2%2Fcomments&post=4308"}],"version-history":[{"count":0,"href":"https:\/\/sosa.sk\/index.php?rest_route=\/wp\/v2\/pages\/4308\/revisions"}],"wp:attachment":[{"href":"https:\/\/sosa.sk\/index.php?rest_route=%2Fwp%2Fv2%2Fmedia&parent=4308"}],"curies":[{"name":"wp","href":"https:\/\/api.w.org\/{rel}","templated":true}]}}