{"id":4300,"date":"2023-11-09T23:41:19","date_gmt":"2023-11-09T22:41:19","guid":{"rendered":"https:\/\/sosa.sk\/?page_id=4300"},"modified":"2024-12-19T16:49:36","modified_gmt":"2024-12-19T15:49:36","slug":"pridajte-sa","status":"publish","type":"page","link":"https:\/\/sosa.sk\/?page_id=4300","title":{"rendered":"Pridajte sa"},"content":{"rendered":"\t\t<div data-elementor-type=\"wp-page\" data-elementor-id=\"4300\" class=\"elementor elementor-4300\">\n\t\t\t\t<div class=\"elementor-element elementor-element-212078d e-flex e-con-boxed e-con e-parent\" data-id=\"212078d\" data-element_type=\"container\">\n\t\t\t\t\t<div class=\"e-con-inner\">\n\t\t\t\t<div class=\"elementor-element elementor-element-76300aa elementor-widget elementor-widget-text-editor\" data-id=\"76300aa\" data-element_type=\"widget\" data-widget_type=\"text-editor.default\">\n\t\t\t\t<div class=\"elementor-widget-container\">\n\t\t\t\t\t\t\t<p><span>V SOSA sme otvoren\u00ed ka\u017edej spolupr\u00e1ci. Ak m\u00e1te radi vesm\u00edr, kozmonautiku, astron\u00f3miu a kozmick\u00e9 technol\u00f3gie \u2013 ste na spr\u00e1vnej adrese.<\/span><\/p>\t\t\t\t\t\t<\/div>\n\t\t\t\t<\/div>\n\t\t\t\t\t<\/div>\n\t\t\t\t<\/div>\n\t\t<div class=\"elementor-element elementor-element-c691aff e-flex e-con-boxed e-con e-parent\" data-id=\"c691aff\" data-element_type=\"container\">\n\t\t\t\t\t<div class=\"e-con-inner\">\n\t\t\t\t\t<\/div>\n\t\t\t\t<\/div>\n\t\t<div class=\"elementor-element elementor-element-70f49ce e-flex e-con-boxed e-con e-parent\" data-id=\"70f49ce\" data-element_type=\"container\">\n\t\t\t\t\t<div class=\"e-con-inner\">\n\t\t\t\t<div class=\"elementor-element elementor-element-a69e5ac elementor-widget elementor-widget-text-editor\" data-id=\"a69e5ac\" data-element_type=\"widget\" data-widget_type=\"text-editor.default\">\n\t\t\t\t<div class=\"elementor-widget-container\">\n\t\t\t\t\t\t\t<h2>Sta\u0148te sa na\u0161im \u010dlenom \u2013 jednotlivec<\/h2>\n\n\n<span>Zapojte sa do na\u0161ich aktiv\u00edt ako riadny \u010dlen. Ka\u017ed\u00e1 pomoc je v\u00edtan\u00e1, pr\u00e1ce je viac ne\u017e dos\u0165: organizovanie workshopov, oslovovanie firiem a \u0161k\u00f4l, p\u00edsanie populariza\u010dn\u00fdch \u010dl\u00e1nkov, fotografovanie, spracovanie vide\u00ed, grafick\u00e9 pr\u00e1ce, technick\u00e1 pomoc v technologick\u00fdch projektoch, ale aj realiz\u00e1cia va\u0161ich vlastn\u00fdch n\u00e1padov. V pr\u00edpade z\u00e1ujmu o \u010dlenstvo v organiz\u00e1cii, vypl\u0148te, pros\u00edm, prihl\u00e1\u0161ku ni\u017e\u0161ie.<\/span>\t\t\t\t\t\t<\/div>\n\t\t\t\t<\/div>\n\t\t\t\t\t<\/div>\n\t\t\t\t<\/div>\n\t\t<div class=\"elementor-element elementor-element-f3bc467 e-flex e-con-boxed e-con e-parent\" data-id=\"f3bc467\" data-element_type=\"container\">\n\t\t\t\t\t<div class=\"e-con-inner\">\n\t\t\t\t<div class=\"elementor-element elementor-element-c93600c acenter has-animated-bg elementor-widget elementor-widget-wgl-button\" data-id=\"c93600c\" data-element_type=\"widget\" data-widget_type=\"wgl-button.default\">\n\t\t\t\t<div class=\"elementor-widget-container\">\n\t\t\t<a  class=\"wgl-button btn-size-lg \" role=\"button\" href=\"https:\/\/docs.google.com\/forms\/d\/e\/1FAIpQLSfynUK12_3_ORNmjyJlOwnSb3spAjRBxpX2pefgtiokoY6onA\/viewform\" target=\"_blank\"><div class=\"button__content \"><span class=\"button__text\">Prihl\u00e1\u0161ka<\/span><\/div><\/a>\t\t<\/div>\n\t\t\t\t<\/div>\n\t\t\t\t\t<\/div>\n\t\t\t\t<\/div>\n\t\t<div class=\"elementor-element elementor-element-6dcc080 e-flex e-con-boxed e-con e-parent\" data-id=\"6dcc080\" data-element_type=\"container\">\n\t\t\t\t\t<div class=\"e-con-inner\">\n\t\t\t\t<div class=\"elementor-element elementor-element-10bbab7 elementor-widget elementor-widget-text-editor\" data-id=\"10bbab7\" data-element_type=\"widget\" data-widget_type=\"text-editor.default\">\n\t\t\t\t<div class=\"elementor-widget-container\">\n\t\t\t\t\t\t\t<h2 class=\"_04xlpA direction-ltr align-justify para-style-body\"><strong>Sta\u0148te sa na\u0161im \u010dlenom \u2013 firma<\/strong><\/h2><p class=\"_04xlpA direction-ltr align-justify para-style-body\">Pridajte sa k n\u00e1m ako cel\u00e1 firma. My v\u00e1s v r\u00e1mci spolupr\u00e1ce radi odprezentujeme na akci\u00e1ch, \u010di v m\u00e9di\u00e1ch, priprav\u00edme predn\u00e1\u0161ku a in\u00e9 aktivity na firemn\u00fd de\u0148, zapo\u017ei\u010diame skafandre a \u010fal\u0161ie rekvizity pre marketingov\u00e9 \u00fa\u010dely, alebo priprav\u00edme v\u00fdhodn\u00fa ponuku na let na stratosf\u00e9rickom bal\u00f3ne. M\u00f4\u017ete participova\u0165 na na\u0161ich projektoch, \u010di prinies\u0165 n\u00e1pady na nov\u00e9.<br \/><br \/>Ak sa chcete prida\u0165, nap\u00ed\u0161te n\u00e1m mail na info@sosa.sk a radi v\u00e1m poskytneme bli\u017e\u0161ie inform\u00e1cie.<\/p><h2 class=\"_04xlpA direction-ltr align-justify para-style-body\"><strong>Zapojte sa jednor\u00e1zovo\u00a0<\/strong><\/h2><p class=\"_04xlpA direction-ltr align-justify para-style-body\">Nap\u00ed\u0161te populariza\u010dn\u00fd \u010dl\u00e1nok na n\u00e1\u0161<span>\u00a0<\/span><a href=\"http:\/\/kozmonautika.sk\/\" target=\"_blank\" rel=\"noopener noreferrer\">informa\u010dn\u00fd port\u00e1l<\/a>, po\u0161lite n\u00e1m kontakty na zauj\u00edmav\u00e9 organiz\u00e1cie, \u010di firmy s potenci\u00e1lom pracova\u0165 v space-bussiness, \u0161koly so z\u00e1ujmom o predn\u00e1\u0161ky, alebo v\u00fdu\u010dbu predmetu \u201ekozmonautika\u201c, kurzy a podobne.<\/p>\t\t\t\t\t\t<\/div>\n\t\t\t\t<\/div>\n\t\t\t\t\t<\/div>\n\t\t\t\t<\/div>\n\t\t\t\t<\/div>\n\t\t","protected":false},"excerpt":{"rendered":"<p>V SOSA sme otvoren\u00ed ka\u017edej spolupr\u00e1ci. Ak m\u00e1te radi vesm\u00edr, kozmonautiku, astron\u00f3miu a kozmick\u00e9 technol\u00f3gie \u2013 ste na spr\u00e1vnej adrese. Sta\u0148te sa na\u0161im \u010dlenom \u2013 jednotlivec Zapojte sa do na\u0161ich aktiv\u00edt ako riadny \u010dlen. Ka\u017ed\u00e1 pomoc je v\u00edtan\u00e1, pr\u00e1ce je viac ne\u017e dos\u0165: organizovanie workshopov, oslovovanie firiem a \u0161k\u00f4l, p\u00edsanie populariza\u010dn\u00fdch \u010dl\u00e1nkov, fotografovanie, spracovanie vide\u00ed, [&hellip;]<\/p>\n","protected":false},"author":1,"featured_media":0,"parent":0,"menu_order":0,"comment_status":"closed","ping_status":"closed","template":"","meta":{"footnotes":""},"class_list":["post-4300","page","type-page","status-publish","hentry"],"yoast_head":"<!-- This site is optimized with the Yoast SEO plugin v26.9 - https:\/\/yoast.com\/product\/yoast-seo-wordpress\/ -->\n<title>Pridajte sa - Slovensk\u00e1 organiz\u00e1cia pre vesm\u00edrne aktivity<\/title>\n<meta name=\"robots\" content=\"index, follow, max-snippet:-1, max-image-preview:large, max-video-preview:-1\" \/>\n<link rel=\"canonical\" href=\"https:\/\/sosa.sk\/?page_id=4300\" \/>\n<meta property=\"og:locale\" content=\"sk_SK\" \/>\n<meta property=\"og:type\" content=\"article\" \/>\n<meta property=\"og:title\" content=\"Pridajte sa - Slovensk\u00e1 organiz\u00e1cia pre vesm\u00edrne aktivity\" \/>\n<meta property=\"og:description\" content=\"V SOSA sme otvoren\u00ed ka\u017edej spolupr\u00e1ci. Ak m\u00e1te radi vesm\u00edr, kozmonautiku, astron\u00f3miu a kozmick\u00e9 technol\u00f3gie \u2013 ste na spr\u00e1vnej adrese. Sta\u0148te sa na\u0161im \u010dlenom \u2013 jednotlivec Zapojte sa do na\u0161ich aktiv\u00edt ako riadny \u010dlen. Ka\u017ed\u00e1 pomoc je v\u00edtan\u00e1, pr\u00e1ce je viac ne\u017e dos\u0165: organizovanie workshopov, oslovovanie firiem a \u0161k\u00f4l, p\u00edsanie populariza\u010dn\u00fdch \u010dl\u00e1nkov, fotografovanie, spracovanie vide\u00ed, [&hellip;]\" \/>\n<meta property=\"og:url\" content=\"https:\/\/sosa.sk\/?page_id=4300\" \/>\n<meta property=\"og:site_name\" content=\"Slovensk\u00e1 organiz\u00e1cia pre vesm\u00edrne aktivity\" \/>\n<meta property=\"article:modified_time\" content=\"2024-12-19T15:49:36+00:00\" \/>\n<meta name=\"twitter:card\" content=\"summary_large_image\" \/>\n<meta name=\"twitter:label1\" content=\"Predpokladan\u00fd \u010das \u010d\u00edtania\" \/>\n\t<meta name=\"twitter:data1\" content=\"2 min\u00faty\" \/>\n<script type=\"application\/ld+json\" class=\"yoast-schema-graph\">{\"@context\":\"https:\/\/schema.org\",\"@graph\":[{\"@type\":\"WebPage\",\"@id\":\"https:\/\/sosa.sk\/?page_id=4300\",\"url\":\"https:\/\/sosa.sk\/?page_id=4300\",\"name\":\"Pridajte sa - Slovensk\u00e1 organiz\u00e1cia pre vesm\u00edrne aktivity\",\"isPartOf\":{\"@id\":\"https:\/\/sosa.sk\/#website\"},\"datePublished\":\"2023-11-09T22:41:19+00:00\",\"dateModified\":\"2024-12-19T15:49:36+00:00\",\"breadcrumb\":{\"@id\":\"https:\/\/sosa.sk\/?page_id=4300#breadcrumb\"},\"inLanguage\":\"sk-SK\",\"potentialAction\":[{\"@type\":\"ReadAction\",\"target\":[\"https:\/\/sosa.sk\/?page_id=4300\"]}]},{\"@type\":\"BreadcrumbList\",\"@id\":\"https:\/\/sosa.sk\/?page_id=4300#breadcrumb\",\"itemListElement\":[{\"@type\":\"ListItem\",\"position\":1,\"name\":\"Domovsk\u00e1 str\u00e1nka\",\"item\":\"https:\/\/sosa.sk\/\"},{\"@type\":\"ListItem\",\"position\":2,\"name\":\"Pridajte sa\"}]},{\"@type\":\"WebSite\",\"@id\":\"https:\/\/sosa.sk\/#website\",\"url\":\"https:\/\/sosa.sk\/\",\"name\":\"Slovensk\u00e1 organiz\u00e1cia pre vesm\u00edrne aktivity\",\"description\":\"Slovensk\u00e1 organiz\u00e1cia pre vesm\u00edrne aktivity vznikla v roku 2009 z iniciat\u00edvy nieko\u013ek\u00fdch mlad\u00fdch \u013eud\u00ed ako ob\u010dianske zdru\u017eenie. Po vzore a sk\u00fasenostiach zo zahrani\u010dia sme chceli vytvori\u0165 priestor, ktor\u00fd bude sp\u00e1ja\u0165 \u0161tudentov, v\u00fdskumn\u00edkov, amat\u00e9rov \u2013 \u013eud\u00ed r\u00f4zneho veku a vzdelania, no so spolo\u010dnou v\u00e1\u0161\u0148ou, ktorou je vesm\u00edr.\",\"potentialAction\":[{\"@type\":\"SearchAction\",\"target\":{\"@type\":\"EntryPoint\",\"urlTemplate\":\"https:\/\/sosa.sk\/?s={search_term_string}\"},\"query-input\":{\"@type\":\"PropertyValueSpecification\",\"valueRequired\":true,\"valueName\":\"search_term_string\"}}],\"inLanguage\":\"sk-SK\"}]}<\/script>\n<!-- \/ Yoast SEO plugin. -->","yoast_head_json":{"title":"Pridajte sa - Slovensk\u00e1 organiz\u00e1cia pre vesm\u00edrne aktivity","robots":{"index":"index","follow":"follow","max-snippet":"max-snippet:-1","max-image-preview":"max-image-preview:large","max-video-preview":"max-video-preview:-1"},"canonical":"https:\/\/sosa.sk\/?page_id=4300","og_locale":"sk_SK","og_type":"article","og_title":"Pridajte sa - Slovensk\u00e1 organiz\u00e1cia pre vesm\u00edrne aktivity","og_description":"V SOSA sme otvoren\u00ed ka\u017edej spolupr\u00e1ci. Ak m\u00e1te radi vesm\u00edr, kozmonautiku, astron\u00f3miu a kozmick\u00e9 technol\u00f3gie \u2013 ste na spr\u00e1vnej adrese. Sta\u0148te sa na\u0161im \u010dlenom \u2013 jednotlivec Zapojte sa do na\u0161ich aktiv\u00edt ako riadny \u010dlen. Ka\u017ed\u00e1 pomoc je v\u00edtan\u00e1, pr\u00e1ce je viac ne\u017e dos\u0165: organizovanie workshopov, oslovovanie firiem a \u0161k\u00f4l, p\u00edsanie populariza\u010dn\u00fdch \u010dl\u00e1nkov, fotografovanie, spracovanie vide\u00ed, [&hellip;]","og_url":"https:\/\/sosa.sk\/?page_id=4300","og_site_name":"Slovensk\u00e1 organiz\u00e1cia pre vesm\u00edrne aktivity","article_modified_time":"2024-12-19T15:49:36+00:00","twitter_card":"summary_large_image","twitter_misc":{"Predpokladan\u00fd \u010das \u010d\u00edtania":"2 min\u00faty"},"schema":{"@context":"https:\/\/schema.org","@graph":[{"@type":"WebPage","@id":"https:\/\/sosa.sk\/?page_id=4300","url":"https:\/\/sosa.sk\/?page_id=4300","name":"Pridajte sa - Slovensk\u00e1 organiz\u00e1cia pre vesm\u00edrne aktivity","isPartOf":{"@id":"https:\/\/sosa.sk\/#website"},"datePublished":"2023-11-09T22:41:19+00:00","dateModified":"2024-12-19T15:49:36+00:00","breadcrumb":{"@id":"https:\/\/sosa.sk\/?page_id=4300#breadcrumb"},"inLanguage":"sk-SK","potentialAction":[{"@type":"ReadAction","target":["https:\/\/sosa.sk\/?page_id=4300"]}]},{"@type":"BreadcrumbList","@id":"https:\/\/sosa.sk\/?page_id=4300#breadcrumb","itemListElement":[{"@type":"ListItem","position":1,"name":"Domovsk\u00e1 str\u00e1nka","item":"https:\/\/sosa.sk\/"},{"@type":"ListItem","position":2,"name":"Pridajte sa"}]},{"@type":"WebSite","@id":"https:\/\/sosa.sk\/#website","url":"https:\/\/sosa.sk\/","name":"Slovensk\u00e1 organiz\u00e1cia pre vesm\u00edrne aktivity","description":"Slovensk\u00e1 organiz\u00e1cia pre vesm\u00edrne aktivity vznikla v roku 2009 z iniciat\u00edvy nieko\u013ek\u00fdch mlad\u00fdch \u013eud\u00ed ako ob\u010dianske zdru\u017eenie. Po vzore a sk\u00fasenostiach zo zahrani\u010dia sme chceli vytvori\u0165 priestor, ktor\u00fd bude sp\u00e1ja\u0165 \u0161tudentov, v\u00fdskumn\u00edkov, amat\u00e9rov \u2013 \u013eud\u00ed r\u00f4zneho veku a vzdelania, no so spolo\u010dnou v\u00e1\u0161\u0148ou, ktorou je vesm\u00edr.","potentialAction":[{"@type":"SearchAction","target":{"@type":"EntryPoint","urlTemplate":"https:\/\/sosa.sk\/?s={search_term_string}"},"query-input":{"@type":"PropertyValueSpecification","valueRequired":true,"valueName":"search_term_string"}}],"inLanguage":"sk-SK"}]}},"_links":{"self":[{"href":"https:\/\/sosa.sk\/index.php?rest_route=\/wp\/v2\/pages\/4300","targetHints":{"allow":["GET"]}}],"collection":[{"href":"https:\/\/sosa.sk\/index.php?rest_route=\/wp\/v2\/pages"}],"about":[{"href":"https:\/\/sosa.sk\/index.php?rest_route=\/wp\/v2\/types\/page"}],"author":[{"embeddable":true,"href":"https:\/\/sosa.sk\/index.php?rest_route=\/wp\/v2\/users\/1"}],"replies":[{"embeddable":true,"href":"https:\/\/sosa.sk\/index.php?rest_route=%2Fwp%2Fv2%2Fcomments&post=4300"}],"version-history":[{"count":0,"href":"https:\/\/sosa.sk\/index.php?rest_route=\/wp\/v2\/pages\/4300\/revisions"}],"wp:attachment":[{"href":"https:\/\/sosa.sk\/index.php?rest_route=%2Fwp%2Fv2%2Fmedia&parent=4300"}],"curies":[{"name":"wp","href":"https:\/\/api.w.org\/{rel}","templated":true}]}}