{"id":4298,"date":"2023-11-09T23:40:18","date_gmt":"2023-11-09T22:40:18","guid":{"rendered":"https:\/\/sosa.sk\/?page_id=4298"},"modified":"2023-11-15T14:13:23","modified_gmt":"2023-11-15T13:13:23","slug":"nase-vysledky","status":"publish","type":"page","link":"https:\/\/sosa.sk\/?page_id=4298","title":{"rendered":"Na\u0161e v\u00fdsledky"},"content":{"rendered":"\t\t<div data-elementor-type=\"wp-page\" data-elementor-id=\"4298\" class=\"elementor elementor-4298\">\n\t\t\t\t<div class=\"elementor-element elementor-element-d6332f5 e-flex e-con-boxed e-con e-parent\" data-id=\"d6332f5\" data-element_type=\"container\">\n\t\t\t\t\t<div class=\"e-con-inner\">\n\t\t\t\t<div class=\"elementor-element elementor-element-e6ec2c8 elementor-widget elementor-widget-wgl-blog\" data-id=\"e6ec2c8\" data-element_type=\"widget\" data-settings=\"{&quot;blog_columns&quot;:&quot;12&quot;}\" data-widget_type=\"wgl-blog.default\">\n\t\t\t\t<div class=\"elementor-widget-container\">\n\t\t\t<section class=\"wgl_cpt_section\"><div class=\"blog-posts\"><div class=\"container-grid row blog_columns-1 masonry blog-style-standard\">    <div class=\"item wgl_col-12\">\r\n    <div class=\"blog-post format-standard format-no_featured format-standard hide_media\">\r\n    <div class=\"blog-post_wrapper\">    <div class=\"blog-post_content\"><h3 class=\"blog-post_title\"><a href=\"https:\/\/sosa.sk\/?p=4760\">VEDECK\u00c9 \u010cL\u00c1NKY, PR\u00cdSPEVKY NA VEDECK\u00ddCH KONFERENCI\u00c1CH A VO VEDECK\u00ddCH ZBORN\u00cdKOCH<\/a><\/h3><div class=\"blog-post_text\">2017\n\n\n\nKapus, J., Laszlo, R., Musilova, M., Werner, N. (2017) \u2013 Emerging Slovak space technologies and satellitesICMAE Conference: 2017 8th International Conference on Mechanical and Aerospace...<\/div><div class=\"clear\"><\/div><div class=\"blog-post_footer\">            <div class=\"read-more-wrap\">\r\n                <a href=\"https:\/\/sosa.sk\/?p=4760\" class=\"button-read-more\">\r\n                    <i class=\"flaticon flaticon-plus read-more-icon\"><\/i><span>Viac<\/span>                <\/a>\r\n            <\/div>    <\/div>\r\n    <\/div>\r\n    <\/div>\r\n    <\/div>\r\n    <\/div>    <div class=\"item wgl_col-12\">\r\n    <div class=\"blog-post format-standard format-no_featured format-standard hide_media\">\r\n    <div class=\"blog-post_wrapper\">    <div class=\"blog-post_content\"><h3 class=\"blog-post_title\"><a href=\"https:\/\/sosa.sk\/?p=4762\">MEDI\u00c1LNE V\u00ddSTUPY<\/a><\/h3><div class=\"blog-post_text\">2021\n\n\n\nRTVS \u2013 P\u00e1lenica Borisa Filana s Jakubom Kapu\u0161om\n\n\n\n&nbsp;\n\n\n\n2020\n\n\n\nBreak \u2013 Vesm\u00edrny v\u00fdskum v ruk\u00e1ch slovensk\u00fdch nad\u0161encov\n\n\n\nDenn\u00edk N \u2013&nbsp;Na\u0161a civiliz\u00e1cia je s\u00edce \u0161peci\u00e1lna, ale...<\/div><div class=\"clear\"><\/div><div class=\"blog-post_footer\">            <div class=\"read-more-wrap\">\r\n                <a href=\"https:\/\/sosa.sk\/?p=4762\" class=\"button-read-more\">\r\n                    <i class=\"flaticon flaticon-plus read-more-icon\"><\/i><span>Viac<\/span>                <\/a>\r\n            <\/div>    <\/div>\r\n    <\/div>\r\n    <\/div>\r\n    <\/div>\r\n    <\/div>    <div class=\"item wgl_col-12\">\r\n    <div class=\"blog-post format-standard format-no_featured format-standard hide_media\">\r\n    <div class=\"blog-post_wrapper\">    <div class=\"blog-post_content\"><h3 class=\"blog-post_title\"><a href=\"https:\/\/sosa.sk\/?p=4764\">V\u00fdro\u010dn\u00e9 spr\u00e1vy<\/a><\/h3><div class=\"blog-post_text\">V\u00fdro\u010dn\u00e1 spr\u00e1va za kalend\u00e1rny rok 2019&nbsp;&nbsp;&nbsp;&nbsp;\n\n\n\nV\u00fdro\u010dn\u00e1 spr\u00e1va za kalend\u00e1rny rok 2018<\/div><div class=\"clear\"><\/div><div class=\"blog-post_footer\">            <div class=\"read-more-wrap\">\r\n                <a href=\"https:\/\/sosa.sk\/?p=4764\" class=\"button-read-more\">\r\n                    <i class=\"flaticon flaticon-plus read-more-icon\"><\/i><span>Viac<\/span>                <\/a>\r\n            <\/div>    <\/div>\r\n    <\/div>\r\n    <\/div>\r\n    <\/div>\r\n    <\/div><\/div><\/div><\/section>\t\t<\/div>\n\t\t\t\t<\/div>\n\t\t\t\t\t<\/div>\n\t\t\t\t<\/div>\n\t\t\t\t<\/div>\n\t\t","protected":false},"excerpt":{"rendered":"<p>VEDECK\u00c9 \u010cL\u00c1NKY, PR\u00cdSPEVKY NA VEDECK\u00ddCH KONFERENCI\u00c1CH A VO VEDECK\u00ddCH ZBORN\u00cdKOCH 2017 Kapus, J., Laszlo, R., Musilova, M., Werner, N. (2017) \u2013 Emerging Slovak space technologies and satellitesICMAE Conference: 2017 8th International Conference on Mechanical and Aerospace&#8230; Viac MEDI\u00c1LNE V\u00ddSTUPY 2021 RTVS \u2013 P\u00e1lenica Borisa Filana s Jakubom Kapu\u0161om &nbsp; 2020 Break \u2013 Vesm\u00edrny v\u00fdskum v [&hellip;]<\/p>\n","protected":false},"author":1,"featured_media":0,"parent":0,"menu_order":0,"comment_status":"closed","ping_status":"closed","template":"","meta":{"footnotes":""},"class_list":["post-4298","page","type-page","status-publish","hentry"],"yoast_head":"<!-- This site is optimized with the Yoast SEO plugin v26.9 - https:\/\/yoast.com\/product\/yoast-seo-wordpress\/ -->\n<title>Na\u0161e v\u00fdsledky - Slovensk\u00e1 organiz\u00e1cia pre vesm\u00edrne aktivity<\/title>\n<meta name=\"robots\" content=\"index, follow, max-snippet:-1, max-image-preview:large, max-video-preview:-1\" \/>\n<link rel=\"canonical\" href=\"https:\/\/sosa.sk\/?page_id=4298\" \/>\n<meta property=\"og:locale\" content=\"sk_SK\" \/>\n<meta property=\"og:type\" content=\"article\" \/>\n<meta property=\"og:title\" content=\"Na\u0161e v\u00fdsledky - Slovensk\u00e1 organiz\u00e1cia pre vesm\u00edrne aktivity\" \/>\n<meta property=\"og:description\" content=\"VEDECK\u00c9 \u010cL\u00c1NKY, PR\u00cdSPEVKY NA VEDECK\u00ddCH KONFERENCI\u00c1CH A VO VEDECK\u00ddCH ZBORN\u00cdKOCH 2017 Kapus, J., Laszlo, R., Musilova, M., Werner, N. (2017) \u2013 Emerging Slovak space technologies and satellitesICMAE Conference: 2017 8th International Conference on Mechanical and Aerospace&#8230; Viac MEDI\u00c1LNE V\u00ddSTUPY 2021 RTVS \u2013 P\u00e1lenica Borisa Filana s Jakubom Kapu\u0161om &nbsp; 2020 Break \u2013 Vesm\u00edrny v\u00fdskum v [&hellip;]\" \/>\n<meta property=\"og:url\" content=\"https:\/\/sosa.sk\/?page_id=4298\" \/>\n<meta property=\"og:site_name\" content=\"Slovensk\u00e1 organiz\u00e1cia pre vesm\u00edrne aktivity\" \/>\n<meta property=\"article:modified_time\" content=\"2023-11-15T13:13:23+00:00\" \/>\n<meta name=\"twitter:card\" content=\"summary_large_image\" \/>\n<meta name=\"twitter:label1\" content=\"Predpokladan\u00fd \u010das \u010d\u00edtania\" \/>\n\t<meta name=\"twitter:data1\" content=\"1 min\u00fata\" \/>\n<script type=\"application\/ld+json\" class=\"yoast-schema-graph\">{\"@context\":\"https:\/\/schema.org\",\"@graph\":[{\"@type\":\"WebPage\",\"@id\":\"https:\/\/sosa.sk\/?page_id=4298\",\"url\":\"https:\/\/sosa.sk\/?page_id=4298\",\"name\":\"Na\u0161e v\u00fdsledky - Slovensk\u00e1 organiz\u00e1cia pre vesm\u00edrne aktivity\",\"isPartOf\":{\"@id\":\"https:\/\/sosa.sk\/#website\"},\"datePublished\":\"2023-11-09T22:40:18+00:00\",\"dateModified\":\"2023-11-15T13:13:23+00:00\",\"breadcrumb\":{\"@id\":\"https:\/\/sosa.sk\/?page_id=4298#breadcrumb\"},\"inLanguage\":\"sk-SK\",\"potentialAction\":[{\"@type\":\"ReadAction\",\"target\":[\"https:\/\/sosa.sk\/?page_id=4298\"]}]},{\"@type\":\"BreadcrumbList\",\"@id\":\"https:\/\/sosa.sk\/?page_id=4298#breadcrumb\",\"itemListElement\":[{\"@type\":\"ListItem\",\"position\":1,\"name\":\"Domovsk\u00e1 str\u00e1nka\",\"item\":\"https:\/\/sosa.sk\/\"},{\"@type\":\"ListItem\",\"position\":2,\"name\":\"Na\u0161e v\u00fdsledky\"}]},{\"@type\":\"WebSite\",\"@id\":\"https:\/\/sosa.sk\/#website\",\"url\":\"https:\/\/sosa.sk\/\",\"name\":\"Slovensk\u00e1 organiz\u00e1cia pre vesm\u00edrne aktivity\",\"description\":\"Slovensk\u00e1 organiz\u00e1cia pre vesm\u00edrne aktivity vznikla v roku 2009 z iniciat\u00edvy nieko\u013ek\u00fdch mlad\u00fdch \u013eud\u00ed ako ob\u010dianske zdru\u017eenie. Po vzore a sk\u00fasenostiach zo zahrani\u010dia sme chceli vytvori\u0165 priestor, ktor\u00fd bude sp\u00e1ja\u0165 \u0161tudentov, v\u00fdskumn\u00edkov, amat\u00e9rov \u2013 \u013eud\u00ed r\u00f4zneho veku a vzdelania, no so spolo\u010dnou v\u00e1\u0161\u0148ou, ktorou je vesm\u00edr.\",\"potentialAction\":[{\"@type\":\"SearchAction\",\"target\":{\"@type\":\"EntryPoint\",\"urlTemplate\":\"https:\/\/sosa.sk\/?s={search_term_string}\"},\"query-input\":{\"@type\":\"PropertyValueSpecification\",\"valueRequired\":true,\"valueName\":\"search_term_string\"}}],\"inLanguage\":\"sk-SK\"}]}<\/script>\n<!-- \/ Yoast SEO plugin. -->","yoast_head_json":{"title":"Na\u0161e v\u00fdsledky - Slovensk\u00e1 organiz\u00e1cia pre vesm\u00edrne aktivity","robots":{"index":"index","follow":"follow","max-snippet":"max-snippet:-1","max-image-preview":"max-image-preview:large","max-video-preview":"max-video-preview:-1"},"canonical":"https:\/\/sosa.sk\/?page_id=4298","og_locale":"sk_SK","og_type":"article","og_title":"Na\u0161e v\u00fdsledky - Slovensk\u00e1 organiz\u00e1cia pre vesm\u00edrne aktivity","og_description":"VEDECK\u00c9 \u010cL\u00c1NKY, PR\u00cdSPEVKY NA VEDECK\u00ddCH KONFERENCI\u00c1CH A VO VEDECK\u00ddCH ZBORN\u00cdKOCH 2017 Kapus, J., Laszlo, R., Musilova, M., Werner, N. (2017) \u2013 Emerging Slovak space technologies and satellitesICMAE Conference: 2017 8th International Conference on Mechanical and Aerospace&#8230; Viac MEDI\u00c1LNE V\u00ddSTUPY 2021 RTVS \u2013 P\u00e1lenica Borisa Filana s Jakubom Kapu\u0161om &nbsp; 2020 Break \u2013 Vesm\u00edrny v\u00fdskum v [&hellip;]","og_url":"https:\/\/sosa.sk\/?page_id=4298","og_site_name":"Slovensk\u00e1 organiz\u00e1cia pre vesm\u00edrne aktivity","article_modified_time":"2023-11-15T13:13:23+00:00","twitter_card":"summary_large_image","twitter_misc":{"Predpokladan\u00fd \u010das \u010d\u00edtania":"1 min\u00fata"},"schema":{"@context":"https:\/\/schema.org","@graph":[{"@type":"WebPage","@id":"https:\/\/sosa.sk\/?page_id=4298","url":"https:\/\/sosa.sk\/?page_id=4298","name":"Na\u0161e v\u00fdsledky - Slovensk\u00e1 organiz\u00e1cia pre vesm\u00edrne aktivity","isPartOf":{"@id":"https:\/\/sosa.sk\/#website"},"datePublished":"2023-11-09T22:40:18+00:00","dateModified":"2023-11-15T13:13:23+00:00","breadcrumb":{"@id":"https:\/\/sosa.sk\/?page_id=4298#breadcrumb"},"inLanguage":"sk-SK","potentialAction":[{"@type":"ReadAction","target":["https:\/\/sosa.sk\/?page_id=4298"]}]},{"@type":"BreadcrumbList","@id":"https:\/\/sosa.sk\/?page_id=4298#breadcrumb","itemListElement":[{"@type":"ListItem","position":1,"name":"Domovsk\u00e1 str\u00e1nka","item":"https:\/\/sosa.sk\/"},{"@type":"ListItem","position":2,"name":"Na\u0161e v\u00fdsledky"}]},{"@type":"WebSite","@id":"https:\/\/sosa.sk\/#website","url":"https:\/\/sosa.sk\/","name":"Slovensk\u00e1 organiz\u00e1cia pre vesm\u00edrne aktivity","description":"Slovensk\u00e1 organiz\u00e1cia pre vesm\u00edrne aktivity vznikla v roku 2009 z iniciat\u00edvy nieko\u013ek\u00fdch mlad\u00fdch \u013eud\u00ed ako ob\u010dianske zdru\u017eenie. Po vzore a sk\u00fasenostiach zo zahrani\u010dia sme chceli vytvori\u0165 priestor, ktor\u00fd bude sp\u00e1ja\u0165 \u0161tudentov, v\u00fdskumn\u00edkov, amat\u00e9rov \u2013 \u013eud\u00ed r\u00f4zneho veku a vzdelania, no so spolo\u010dnou v\u00e1\u0161\u0148ou, ktorou je vesm\u00edr.","potentialAction":[{"@type":"SearchAction","target":{"@type":"EntryPoint","urlTemplate":"https:\/\/sosa.sk\/?s={search_term_string}"},"query-input":{"@type":"PropertyValueSpecification","valueRequired":true,"valueName":"search_term_string"}}],"inLanguage":"sk-SK"}]}},"_links":{"self":[{"href":"https:\/\/sosa.sk\/index.php?rest_route=\/wp\/v2\/pages\/4298","targetHints":{"allow":["GET"]}}],"collection":[{"href":"https:\/\/sosa.sk\/index.php?rest_route=\/wp\/v2\/pages"}],"about":[{"href":"https:\/\/sosa.sk\/index.php?rest_route=\/wp\/v2\/types\/page"}],"author":[{"embeddable":true,"href":"https:\/\/sosa.sk\/index.php?rest_route=\/wp\/v2\/users\/1"}],"replies":[{"embeddable":true,"href":"https:\/\/sosa.sk\/index.php?rest_route=%2Fwp%2Fv2%2Fcomments&post=4298"}],"version-history":[{"count":0,"href":"https:\/\/sosa.sk\/index.php?rest_route=\/wp\/v2\/pages\/4298\/revisions"}],"wp:attachment":[{"href":"https:\/\/sosa.sk\/index.php?rest_route=%2Fwp%2Fv2%2Fmedia&parent=4298"}],"curies":[{"name":"wp","href":"https:\/\/api.w.org\/{rel}","templated":true}]}}