{"id":1936,"date":"2022-03-24T14:46:05","date_gmt":"2022-03-24T14:46:05","guid":{"rendered":"https:\/\/wgl-demo.net\/bili\/?page_id=1936"},"modified":"2025-03-20T13:41:05","modified_gmt":"2025-03-20T12:41:05","slug":"o-nas","status":"publish","type":"page","link":"https:\/\/sosa.sk\/?page_id=1936","title":{"rendered":"O n\u00e1s"},"content":{"rendered":"\t\t<div data-elementor-type=\"wp-page\" data-elementor-id=\"1936\" class=\"elementor elementor-1936\">\n\t\t\t\t\t\t<section class=\"elementor-section elementor-top-section elementor-element elementor-element-5ab00d5 elementor-section-boxed elementor-section-height-default elementor-section-height-default\" data-id=\"5ab00d5\" data-element_type=\"section\">\n\t\t\t\t\t\t<div class=\"elementor-container elementor-column-gap-default\">\n\t\t\t\t\t<div class=\"elementor-column elementor-col-50 elementor-top-column elementor-element elementor-element-4ee7904\" data-id=\"4ee7904\" data-element_type=\"column\">\n\t\t\t<div class=\"elementor-widget-wrap elementor-element-populated\">\n\t\t\t\t\t\t<div class=\"elementor-element elementor-element-b0c4d27 elementor-widget elementor-widget-spacer\" data-id=\"b0c4d27\" data-element_type=\"widget\" data-widget_type=\"spacer.default\">\n\t\t\t\t<div class=\"elementor-widget-container\">\n\t\t\t\t\t<div class=\"elementor-spacer\">\n\t\t\t<div class=\"elementor-spacer-inner\"><\/div>\n\t\t<\/div>\n\t\t\t\t<\/div>\n\t\t\t\t<\/div>\n\t\t\t\t<div class=\"elementor-element elementor-element-40e24d9 aleft elementor-widget elementor-widget-wgl-double-heading\" data-id=\"40e24d9\" data-element_type=\"widget\" data-widget_type=\"wgl-double-heading.default\">\n\t\t\t\t<div class=\"elementor-widget-container\">\n\t\t\t<div class=\"wgl-double-heading\"><div class=\"dblh__subtitle\"><span>O n\u00e1s<\/span><\/div><h3 class=\"dblh__title-wrapper\"><span class=\"dblh__title dblh__title-1\">Slovensk\u00e1 organiz\u00e1cia pre vesm\u00edrne aktivity<\/span><\/h3><\/div>\t\t<\/div>\n\t\t\t\t<\/div>\n\t\t\t\t<div class=\"elementor-element elementor-element-f0bf9a4 elementor-widget elementor-widget-text-editor\" data-id=\"f0bf9a4\" data-element_type=\"widget\" data-widget_type=\"text-editor.default\">\n\t\t\t\t<div class=\"elementor-widget-container\">\n\t\t\t\t\t\t\t<p><span>vznikla v roku 2009 z iniciat\u00edvy nieko\u013ek\u00fdch mlad\u00fdch \u013eud\u00ed ako ob\u010dianske zdru\u017eenie. Po vzore a sk\u00fasenostiach zo zahrani\u010dia sme chceli vytvori\u0165 priestor, ktor\u00fd bude sp\u00e1ja\u0165 \u0161tudentov, v\u00fdskumn\u00edkov, amat\u00e9rov \u2013 \u013eud\u00ed r\u00f4zneho veku a vzdelania, no so spolo\u010dnou v\u00e1\u0161\u0148ou, ktorou je vesm\u00edr.<\/span><\/p>\t\t\t\t\t\t<\/div>\n\t\t\t\t<\/div>\n\t\t\t\t<div class=\"elementor-element elementor-element-9abe80e aleft has-animated-bg elementor-widget elementor-widget-wgl-button\" data-id=\"9abe80e\" data-element_type=\"widget\" data-widget_type=\"wgl-button.default\">\n\t\t\t\t<div class=\"elementor-widget-container\">\n\t\t\t<a  class=\"wgl-button btn-size-lg \" role=\"button\" href=\"https:\/\/sosa.sk\/contacts\"><div class=\"button__content \"><span class=\"button__text\">Kontaktujte n\u00e1s<\/span><\/div><\/a>\t\t<\/div>\n\t\t\t\t<\/div>\n\t\t\t\t\t<\/div>\n\t\t<\/div>\n\t\t\t\t<div class=\"elementor-column elementor-col-50 elementor-top-column elementor-element elementor-element-663e26e\" data-id=\"663e26e\" data-element_type=\"column\">\n\t\t\t<div class=\"elementor-widget-wrap elementor-element-populated\">\n\t\t\t\t\t\t<div class=\"elementor-element elementor-element-560d145 elementor-widget elementor-widget-image\" data-id=\"560d145\" data-element_type=\"widget\" data-widget_type=\"image.default\">\n\t\t\t\t<div class=\"elementor-widget-container\">\n\t\t\t\t\t\t\t\t\t\t\t\t\t<img fetchpriority=\"high\" decoding=\"async\" width=\"768\" height=\"541\" src=\"https:\/\/sosa.sk\/wp-content\/uploads\/2023\/11\/sosa_o_nas.jpg\" class=\"attachment-full size-full wp-image-4350\" alt=\"\" srcset=\"https:\/\/sosa.sk\/wp-content\/uploads\/2023\/11\/sosa_o_nas.jpg 768w, https:\/\/sosa.sk\/wp-content\/uploads\/2023\/11\/sosa_o_nas-300x211.jpg 300w\" sizes=\"(max-width: 768px) 100vw, 768px\" \/>\t\t\t\t\t\t\t\t\t\t\t\t\t<\/div>\n\t\t\t\t<\/div>\n\t\t\t\t\t<\/div>\n\t\t<\/div>\n\t\t\t\t\t<\/div>\n\t\t<\/section>\n\t\t<div class=\"elementor-element elementor-element-e196f75 e-flex e-con-boxed e-con e-parent\" data-id=\"e196f75\" data-element_type=\"container\">\n\t\t\t\t\t<div class=\"e-con-inner\">\n\t\t\t\t<div class=\"elementor-element elementor-element-e672dd0 acenter has-animated-bg elementor-widget elementor-widget-wgl-button\" data-id=\"e672dd0\" data-element_type=\"widget\" data-widget_type=\"wgl-button.default\">\n\t\t\t\t<div class=\"elementor-widget-container\">\n\t\t\t<a  class=\"wgl-button btn-size-lg \" role=\"button\" href=\"https:\/\/kozmonautika.sk\/2025\/01\/23\/dostanme-spolocne-slovensko-blizsie-k-vesmiru\/\" target=\"_blank\"><div class=\"button__content \"><span class=\"button__text\">Dosta\u0148me spolo\u010dne Slovensko bli\u017e\u0161ie k vesm\u00edru! Podporte n\u00e1s 2% Va\u0161ich dan\u00ed.<\/span><\/div><\/a>\t\t<\/div>\n\t\t\t\t<\/div>\n\t\t\t\t\t<\/div>\n\t\t\t\t<\/div>\n\t\t<div class=\"elementor-element elementor-element-c05f6a5 e-flex e-con-boxed e-con e-parent\" data-id=\"c05f6a5\" data-element_type=\"container\">\n\t\t\t\t\t<div class=\"e-con-inner\">\n\t\t<div class=\"elementor-element elementor-element-d543a77 e-con-full e-flex e-con e-child\" data-id=\"d543a77\" data-element_type=\"container\">\n\t\t\t\t<div class=\"elementor-element elementor-element-e1e1afd aleft has-animated-bg elementor-widget elementor-widget-wgl-button\" data-id=\"e1e1afd\" data-element_type=\"widget\" data-widget_type=\"wgl-button.default\">\n\t\t\t\t<div class=\"elementor-widget-container\">\n\t\t\t<a  class=\"wgl-button btn-size-lg \" role=\"button\" href=\"https:\/\/sosa.sk\/?p=4677\"><div class=\"button__content \"><span class=\"button__text\">Na\u0161e ciele<\/span><\/div><\/a>\t\t<\/div>\n\t\t\t\t<\/div>\n\t\t\t\t<\/div>\n\t\t<div class=\"elementor-element elementor-element-ad9f037 e-con-full e-flex e-con e-child\" data-id=\"ad9f037\" data-element_type=\"container\">\n\t\t\t\t<div class=\"elementor-element elementor-element-1f77ca4 aleft has-animated-bg elementor-widget elementor-widget-wgl-button\" data-id=\"1f77ca4\" data-element_type=\"widget\" data-widget_type=\"wgl-button.default\">\n\t\t\t\t<div class=\"elementor-widget-container\">\n\t\t\t<a  class=\"wgl-button btn-size-lg \" role=\"button\" href=\"https:\/\/sosa.sk\/?page_id=4298\"><div class=\"button__content \"><span class=\"button__text\">V\u00fdsledky<\/span><\/div><\/a>\t\t<\/div>\n\t\t\t\t<\/div>\n\t\t\t\t<\/div>\n\t\t<div class=\"elementor-element elementor-element-2ee548a e-con-full e-flex e-con e-child\" data-id=\"2ee548a\" data-element_type=\"container\">\n\t\t\t\t<div class=\"elementor-element elementor-element-32d4d79 aleft has-animated-bg elementor-widget elementor-widget-wgl-button\" data-id=\"32d4d79\" data-element_type=\"widget\" data-widget_type=\"wgl-button.default\">\n\t\t\t\t<div class=\"elementor-widget-container\">\n\t\t\t<a  class=\"wgl-button btn-size-lg \" role=\"button\" href=\"https:\/\/sosa.sk\/?page_id=4302\"><div class=\"button__content \"><span class=\"button__text\">\u010clenovia SOSA<\/span><\/div><\/a>\t\t<\/div>\n\t\t\t\t<\/div>\n\t\t\t\t<\/div>\n\t\t<div class=\"elementor-element elementor-element-407c6d8 e-con-full e-flex e-con e-child\" data-id=\"407c6d8\" data-element_type=\"container\">\n\t\t\t\t<div class=\"elementor-element elementor-element-1397e85 aleft has-animated-bg elementor-widget elementor-widget-wgl-button\" data-id=\"1397e85\" data-element_type=\"widget\" data-widget_type=\"wgl-button.default\">\n\t\t\t\t<div class=\"elementor-widget-container\">\n\t\t\t<a  class=\"wgl-button btn-size-lg \" role=\"button\" href=\"https:\/\/sosa.sk\/?page_id=4304\"><div class=\"button__content \"><span class=\"button__text\">Partneri a podporovatelia<\/span><\/div><\/a>\t\t<\/div>\n\t\t\t\t<\/div>\n\t\t\t\t<\/div>\n\t\t\t\t\t<\/div>\n\t\t\t\t<\/div>\n\t\t\t\t<\/div>\n\t\t","protected":false},"excerpt":{"rendered":"<p>O n\u00e1s Slovensk\u00e1 organiz\u00e1cia pre vesm\u00edrne aktivity vznikla v roku 2009 z iniciat\u00edvy nieko\u013ek\u00fdch mlad\u00fdch \u013eud\u00ed ako ob\u010dianske zdru\u017eenie. Po vzore a sk\u00fasenostiach zo zahrani\u010dia sme chceli vytvori\u0165 priestor, ktor\u00fd bude sp\u00e1ja\u0165 \u0161tudentov, v\u00fdskumn\u00edkov, amat\u00e9rov \u2013 \u013eud\u00ed r\u00f4zneho veku a vzdelania, no so spolo\u010dnou v\u00e1\u0161\u0148ou, ktorou je vesm\u00edr. Kontaktujte n\u00e1s Dosta\u0148me spolo\u010dne Slovensko bli\u017e\u0161ie k [&hellip;]<\/p>\n","protected":false},"author":1,"featured_media":0,"parent":0,"menu_order":0,"comment_status":"closed","ping_status":"closed","template":"","meta":{"footnotes":""},"class_list":["post-1936","page","type-page","status-publish","hentry"],"yoast_head":"<!-- This site is optimized with the Yoast SEO plugin v26.9 - https:\/\/yoast.com\/product\/yoast-seo-wordpress\/ -->\n<title>O n\u00e1s - Slovensk\u00e1 organiz\u00e1cia pre vesm\u00edrne aktivity<\/title>\n<meta name=\"robots\" content=\"index, follow, max-snippet:-1, max-image-preview:large, max-video-preview:-1\" \/>\n<link rel=\"canonical\" href=\"https:\/\/sosa.sk\/?page_id=1936\" \/>\n<meta property=\"og:locale\" content=\"sk_SK\" \/>\n<meta property=\"og:type\" content=\"article\" \/>\n<meta property=\"og:title\" content=\"O n\u00e1s - Slovensk\u00e1 organiz\u00e1cia pre vesm\u00edrne aktivity\" \/>\n<meta property=\"og:description\" content=\"O n\u00e1s Slovensk\u00e1 organiz\u00e1cia pre vesm\u00edrne aktivity vznikla v roku 2009 z iniciat\u00edvy nieko\u013ek\u00fdch mlad\u00fdch \u013eud\u00ed ako ob\u010dianske zdru\u017eenie. Po vzore a sk\u00fasenostiach zo zahrani\u010dia sme chceli vytvori\u0165 priestor, ktor\u00fd bude sp\u00e1ja\u0165 \u0161tudentov, v\u00fdskumn\u00edkov, amat\u00e9rov \u2013 \u013eud\u00ed r\u00f4zneho veku a vzdelania, no so spolo\u010dnou v\u00e1\u0161\u0148ou, ktorou je vesm\u00edr. Kontaktujte n\u00e1s Dosta\u0148me spolo\u010dne Slovensko bli\u017e\u0161ie k [&hellip;]\" \/>\n<meta property=\"og:url\" content=\"https:\/\/sosa.sk\/?page_id=1936\" \/>\n<meta property=\"og:site_name\" content=\"Slovensk\u00e1 organiz\u00e1cia pre vesm\u00edrne aktivity\" \/>\n<meta property=\"article:modified_time\" content=\"2025-03-20T12:41:05+00:00\" \/>\n<meta property=\"og:image\" content=\"https:\/\/sosa.sk\/wp-content\/uploads\/2023\/11\/sosa_o_nas.jpg\" \/>\n\t<meta property=\"og:image:width\" content=\"768\" \/>\n\t<meta property=\"og:image:height\" content=\"541\" \/>\n\t<meta property=\"og:image:type\" content=\"image\/jpeg\" \/>\n<meta name=\"twitter:card\" content=\"summary_large_image\" \/>\n<meta name=\"twitter:label1\" content=\"Predpokladan\u00fd \u010das \u010d\u00edtania\" \/>\n\t<meta name=\"twitter:data1\" content=\"1 min\u00fata\" \/>\n<script type=\"application\/ld+json\" class=\"yoast-schema-graph\">{\"@context\":\"https:\/\/schema.org\",\"@graph\":[{\"@type\":\"WebPage\",\"@id\":\"https:\/\/sosa.sk\/?page_id=1936\",\"url\":\"https:\/\/sosa.sk\/?page_id=1936\",\"name\":\"O n\u00e1s - Slovensk\u00e1 organiz\u00e1cia pre vesm\u00edrne aktivity\",\"isPartOf\":{\"@id\":\"https:\/\/sosa.sk\/#website\"},\"primaryImageOfPage\":{\"@id\":\"https:\/\/sosa.sk\/?page_id=1936#primaryimage\"},\"image\":{\"@id\":\"https:\/\/sosa.sk\/?page_id=1936#primaryimage\"},\"thumbnailUrl\":\"https:\/\/sosa.sk\/wp-content\/uploads\/2023\/11\/sosa_o_nas.jpg\",\"datePublished\":\"2022-03-24T14:46:05+00:00\",\"dateModified\":\"2025-03-20T12:41:05+00:00\",\"breadcrumb\":{\"@id\":\"https:\/\/sosa.sk\/?page_id=1936#breadcrumb\"},\"inLanguage\":\"sk-SK\",\"potentialAction\":[{\"@type\":\"ReadAction\",\"target\":[\"https:\/\/sosa.sk\/?page_id=1936\"]}]},{\"@type\":\"ImageObject\",\"inLanguage\":\"sk-SK\",\"@id\":\"https:\/\/sosa.sk\/?page_id=1936#primaryimage\",\"url\":\"https:\/\/sosa.sk\/wp-content\/uploads\/2023\/11\/sosa_o_nas.jpg\",\"contentUrl\":\"https:\/\/sosa.sk\/wp-content\/uploads\/2023\/11\/sosa_o_nas.jpg\",\"width\":768,\"height\":541},{\"@type\":\"BreadcrumbList\",\"@id\":\"https:\/\/sosa.sk\/?page_id=1936#breadcrumb\",\"itemListElement\":[{\"@type\":\"ListItem\",\"position\":1,\"name\":\"Domovsk\u00e1 str\u00e1nka\",\"item\":\"https:\/\/sosa.sk\/\"},{\"@type\":\"ListItem\",\"position\":2,\"name\":\"O n\u00e1s\"}]},{\"@type\":\"WebSite\",\"@id\":\"https:\/\/sosa.sk\/#website\",\"url\":\"https:\/\/sosa.sk\/\",\"name\":\"Slovensk\u00e1 organiz\u00e1cia pre vesm\u00edrne aktivity\",\"description\":\"Slovensk\u00e1 organiz\u00e1cia pre vesm\u00edrne aktivity vznikla v roku 2009 z iniciat\u00edvy nieko\u013ek\u00fdch mlad\u00fdch \u013eud\u00ed ako ob\u010dianske zdru\u017eenie. Po vzore a sk\u00fasenostiach zo zahrani\u010dia sme chceli vytvori\u0165 priestor, ktor\u00fd bude sp\u00e1ja\u0165 \u0161tudentov, v\u00fdskumn\u00edkov, amat\u00e9rov \u2013 \u013eud\u00ed r\u00f4zneho veku a vzdelania, no so spolo\u010dnou v\u00e1\u0161\u0148ou, ktorou je vesm\u00edr.\",\"potentialAction\":[{\"@type\":\"SearchAction\",\"target\":{\"@type\":\"EntryPoint\",\"urlTemplate\":\"https:\/\/sosa.sk\/?s={search_term_string}\"},\"query-input\":{\"@type\":\"PropertyValueSpecification\",\"valueRequired\":true,\"valueName\":\"search_term_string\"}}],\"inLanguage\":\"sk-SK\"}]}<\/script>\n<!-- \/ Yoast SEO plugin. -->","yoast_head_json":{"title":"O n\u00e1s - Slovensk\u00e1 organiz\u00e1cia pre vesm\u00edrne aktivity","robots":{"index":"index","follow":"follow","max-snippet":"max-snippet:-1","max-image-preview":"max-image-preview:large","max-video-preview":"max-video-preview:-1"},"canonical":"https:\/\/sosa.sk\/?page_id=1936","og_locale":"sk_SK","og_type":"article","og_title":"O n\u00e1s - Slovensk\u00e1 organiz\u00e1cia pre vesm\u00edrne aktivity","og_description":"O n\u00e1s Slovensk\u00e1 organiz\u00e1cia pre vesm\u00edrne aktivity vznikla v roku 2009 z iniciat\u00edvy nieko\u013ek\u00fdch mlad\u00fdch \u013eud\u00ed ako ob\u010dianske zdru\u017eenie. Po vzore a sk\u00fasenostiach zo zahrani\u010dia sme chceli vytvori\u0165 priestor, ktor\u00fd bude sp\u00e1ja\u0165 \u0161tudentov, v\u00fdskumn\u00edkov, amat\u00e9rov \u2013 \u013eud\u00ed r\u00f4zneho veku a vzdelania, no so spolo\u010dnou v\u00e1\u0161\u0148ou, ktorou je vesm\u00edr. Kontaktujte n\u00e1s Dosta\u0148me spolo\u010dne Slovensko bli\u017e\u0161ie k [&hellip;]","og_url":"https:\/\/sosa.sk\/?page_id=1936","og_site_name":"Slovensk\u00e1 organiz\u00e1cia pre vesm\u00edrne aktivity","article_modified_time":"2025-03-20T12:41:05+00:00","og_image":[{"width":768,"height":541,"url":"https:\/\/sosa.sk\/wp-content\/uploads\/2023\/11\/sosa_o_nas.jpg","type":"image\/jpeg"}],"twitter_card":"summary_large_image","twitter_misc":{"Predpokladan\u00fd \u010das \u010d\u00edtania":"1 min\u00fata"},"schema":{"@context":"https:\/\/schema.org","@graph":[{"@type":"WebPage","@id":"https:\/\/sosa.sk\/?page_id=1936","url":"https:\/\/sosa.sk\/?page_id=1936","name":"O n\u00e1s - Slovensk\u00e1 organiz\u00e1cia pre vesm\u00edrne aktivity","isPartOf":{"@id":"https:\/\/sosa.sk\/#website"},"primaryImageOfPage":{"@id":"https:\/\/sosa.sk\/?page_id=1936#primaryimage"},"image":{"@id":"https:\/\/sosa.sk\/?page_id=1936#primaryimage"},"thumbnailUrl":"https:\/\/sosa.sk\/wp-content\/uploads\/2023\/11\/sosa_o_nas.jpg","datePublished":"2022-03-24T14:46:05+00:00","dateModified":"2025-03-20T12:41:05+00:00","breadcrumb":{"@id":"https:\/\/sosa.sk\/?page_id=1936#breadcrumb"},"inLanguage":"sk-SK","potentialAction":[{"@type":"ReadAction","target":["https:\/\/sosa.sk\/?page_id=1936"]}]},{"@type":"ImageObject","inLanguage":"sk-SK","@id":"https:\/\/sosa.sk\/?page_id=1936#primaryimage","url":"https:\/\/sosa.sk\/wp-content\/uploads\/2023\/11\/sosa_o_nas.jpg","contentUrl":"https:\/\/sosa.sk\/wp-content\/uploads\/2023\/11\/sosa_o_nas.jpg","width":768,"height":541},{"@type":"BreadcrumbList","@id":"https:\/\/sosa.sk\/?page_id=1936#breadcrumb","itemListElement":[{"@type":"ListItem","position":1,"name":"Domovsk\u00e1 str\u00e1nka","item":"https:\/\/sosa.sk\/"},{"@type":"ListItem","position":2,"name":"O n\u00e1s"}]},{"@type":"WebSite","@id":"https:\/\/sosa.sk\/#website","url":"https:\/\/sosa.sk\/","name":"Slovensk\u00e1 organiz\u00e1cia pre vesm\u00edrne aktivity","description":"Slovensk\u00e1 organiz\u00e1cia pre vesm\u00edrne aktivity vznikla v roku 2009 z iniciat\u00edvy nieko\u013ek\u00fdch mlad\u00fdch \u013eud\u00ed ako ob\u010dianske zdru\u017eenie. Po vzore a sk\u00fasenostiach zo zahrani\u010dia sme chceli vytvori\u0165 priestor, ktor\u00fd bude sp\u00e1ja\u0165 \u0161tudentov, v\u00fdskumn\u00edkov, amat\u00e9rov \u2013 \u013eud\u00ed r\u00f4zneho veku a vzdelania, no so spolo\u010dnou v\u00e1\u0161\u0148ou, ktorou je vesm\u00edr.","potentialAction":[{"@type":"SearchAction","target":{"@type":"EntryPoint","urlTemplate":"https:\/\/sosa.sk\/?s={search_term_string}"},"query-input":{"@type":"PropertyValueSpecification","valueRequired":true,"valueName":"search_term_string"}}],"inLanguage":"sk-SK"}]}},"_links":{"self":[{"href":"https:\/\/sosa.sk\/index.php?rest_route=\/wp\/v2\/pages\/1936","targetHints":{"allow":["GET"]}}],"collection":[{"href":"https:\/\/sosa.sk\/index.php?rest_route=\/wp\/v2\/pages"}],"about":[{"href":"https:\/\/sosa.sk\/index.php?rest_route=\/wp\/v2\/types\/page"}],"author":[{"embeddable":true,"href":"https:\/\/sosa.sk\/index.php?rest_route=\/wp\/v2\/users\/1"}],"replies":[{"embeddable":true,"href":"https:\/\/sosa.sk\/index.php?rest_route=%2Fwp%2Fv2%2Fcomments&post=1936"}],"version-history":[{"count":0,"href":"https:\/\/sosa.sk\/index.php?rest_route=\/wp\/v2\/pages\/1936\/revisions"}],"wp:attachment":[{"href":"https:\/\/sosa.sk\/index.php?rest_route=%2Fwp%2Fv2%2Fmedia&parent=1936"}],"curies":[{"name":"wp","href":"https:\/\/api.w.org\/{rel}","templated":true}]}}